{"id":96,"date":"2020-10-05T19:14:57","date_gmt":"2020-10-05T19:14:57","guid":{"rendered":"https:\/\/virtualvisions.es\/marketing\/?page_id=96"},"modified":"2020-12-16T16:36:50","modified_gmt":"2020-12-16T16:36:50","slug":"redes-sociales","status":"publish","type":"page","link":"https:\/\/virtualvisions.es\/marketing\/servicios\/redes-sociales\/","title":{"rendered":"Redes Sociales"},"content":{"rendered":"\t\t<div data-elementor-type=\"wp-page\" data-elementor-id=\"96\" class=\"elementor elementor-96\" data-elementor-post-type=\"page\">\n\t\t\t\t\t\t\t\t\t<section class=\"elementor-section elementor-top-section elementor-element elementor-element-32a72f35 elementor-section-height-min-height elementor-section-boxed elementor-section-height-default elementor-section-items-middle\" data-id=\"32a72f35\" data-element_type=\"section\" data-settings=\"{&quot;background_background&quot;:&quot;video&quot;,&quot;shape_divider_bottom&quot;:&quot;waves&quot;,&quot;background_video_link&quot;:&quot;https:\\\/\\\/youtu.be\\\/POSw0xtvnwE&quot;,&quot;background_video_start&quot;:1}\">\n\t\t\t\t\t\t\t\t<div class=\"elementor-background-video-container elementor-hidden-phone\">\n\t\t\t\t\t\t\t\t\t\t\t\t\t<div class=\"elementor-background-video-embed\"><\/div>\n\t\t\t\t\t\t\t\t\t\t\t\t<\/div>\n\t\t\t\t\t\t\t\t\t<div class=\"elementor-background-overlay\"><\/div>\n\t\t\t\t\t\t<div class=\"elementor-shape elementor-shape-bottom\" data-negative=\"false\">\n\t\t\t<svg xmlns=\"http:\/\/www.w3.org\/2000\/svg\" viewBox=\"0 0 1000 100\" preserveAspectRatio=\"none\">\n\t<path class=\"elementor-shape-fill\" d=\"M421.9,6.5c22.6-2.5,51.5,0.4,75.5,5.3c23.6,4.9,70.9,23.5,100.5,35.7c75.8,32.2,133.7,44.5,192.6,49.7\n\tc23.6,2.1,48.7,3.5,103.4-2.5c54.7-6,106.2-25.6,106.2-25.6V0H0v30.3c0,0,72,32.6,158.4,30.5c39.2-0.7,92.8-6.7,134-22.4\n\tc21.2-8.1,52.2-18.2,79.7-24.2C399.3,7.9,411.6,7.5,421.9,6.5z\"\/>\n<\/svg>\t\t<\/div>\n\t\t\t\t\t<div class=\"elementor-container elementor-column-gap-default\">\n\t\t\t\t\t<div class=\"elementor-column elementor-col-100 elementor-top-column elementor-element elementor-element-333b20b0\" data-id=\"333b20b0\" data-element_type=\"column\">\n\t\t\t<div class=\"elementor-widget-wrap elementor-element-populated\">\n\t\t\t\t\t\t\t\t<div class=\"elementor-element elementor-element-1f0128b4 elementor-widget elementor-widget-heading\" data-id=\"1f0128b4\" data-element_type=\"widget\" data-widget_type=\"heading.default\">\n\t\t\t\t<div class=\"elementor-widget-container\">\n\t\t\t<h1 class=\"elementor-heading-title elementor-size-default\">Social Media<\/h1>\t\t<\/div>\n\t\t\t\t<\/div>\n\t\t\t\t<div class=\"elementor-element elementor-element-63c692fe elementor-widget elementor-widget-heading\" data-id=\"63c692fe\" data-element_type=\"widget\" data-widget_type=\"heading.default\">\n\t\t\t\t<div class=\"elementor-widget-container\">\n\t\t\t<h3 class=\"elementor-heading-title elementor-size-default\">Creaci\u00f3n y Gesti\u00f3n de sus Redes Sociales RRSS<\/h3>\t\t<\/div>\n\t\t\t\t<\/div>\n\t\t\t\t\t<\/div>\n\t\t<\/div>\n\t\t\t\t\t\t\t<\/div>\n\t\t<\/section>\n\t\t\t\t<section class=\"elementor-section elementor-top-section elementor-element elementor-element-17b9927e elementor-section-full_width elementor-section-height-default elementor-section-height-default\" data-id=\"17b9927e\" data-element_type=\"section\">\n\t\t\t\t\t\t<div class=\"elementor-container elementor-column-gap-default\">\n\t\t\t\t\t<div class=\"elementor-column elementor-col-100 elementor-top-column elementor-element elementor-element-73591d7\" data-id=\"73591d7\" data-element_type=\"column\">\n\t\t\t<div class=\"elementor-widget-wrap elementor-element-populated\">\n\t\t\t\t\t\t\t\t<div class=\"elementor-element elementor-element-256656fb elementor-widget elementor-widget-heading\" data-id=\"256656fb\" data-element_type=\"widget\" data-widget_type=\"heading.default\">\n\t\t\t\t<div class=\"elementor-widget-container\">\n\t\t\t<h3 class=\"elementor-heading-title elementor-size-default\">GESTI\u00d3N INTEGRAL DE CANALES SOCIALES<\/h3>\t\t<\/div>\n\t\t\t\t<\/div>\n\t\t\t\t<div class=\"elementor-element elementor-element-4a4a4cf elementor-widget elementor-widget-heading\" data-id=\"4a4a4cf\" data-element_type=\"widget\" data-widget_type=\"heading.default\">\n\t\t\t\t<div class=\"elementor-widget-container\">\n\t\t\t<h1 class=\"elementor-heading-title elementor-size-default\">Redes Sociales: Creaci\u00f3n y Mantenimiento<\/h1>\t\t<\/div>\n\t\t\t\t<\/div>\n\t\t\t\t<div class=\"elementor-element elementor-element-6e531f41 elementor-widget elementor-widget-text-editor\" data-id=\"6e531f41\" data-element_type=\"widget\" data-widget_type=\"text-editor.default\">\n\t\t\t\t<div class=\"elementor-widget-container\">\n\t\t\t\t\t\t\t<p>La pr\u00e1ctica totalidad de\u00a0<strong>sus clientes est\u00e1n en las Redes Sociales,<\/strong>\u00a0ya sea en las cl\u00e1sicas, tipo\u00a0<a href=\"https:\/\/facebook.es\/\">Facebook<\/a>,\u00a0<a href=\"https:\/\/twitter.es\/\">Twitter<\/a>,\u00a0<a href=\"https:\/\/instagram.es\/\">Instagram<\/a>,\u00a0WhatsApp o Youtube o algunas m\u00e1s espec\u00edficas como Tinder, LinkedIn o Telegram.<\/p><p>Ante tan evidente profusi\u00f3n de presencia social, se hace absolutamente\u00a0<strong>indispensable<\/strong>\u00a0para cualquier negocio no s\u00f3lo estar, sino alimentar uno o varios canales sociales para\u00a0<strong>interactuar con sus clientes,<\/strong>\u00a0simpatizantes y usuarios.<\/p>\t\t\t\t\t\t<\/div>\n\t\t\t\t<\/div>\n\t\t\t\t\t<\/div>\n\t\t<\/div>\n\t\t\t\t\t\t\t<\/div>\n\t\t<\/section>\n\t\t\t\t<section class=\"elementor-section elementor-top-section elementor-element elementor-element-0a50318 elementor-section-full_width elementor-section-height-default elementor-section-height-default\" data-id=\"0a50318\" data-element_type=\"section\">\n\t\t\t\t\t\t<div class=\"elementor-container elementor-column-gap-default\">\n\t\t\t\t\t<div class=\"elementor-column elementor-col-100 elementor-top-column elementor-element elementor-element-e4d6857\" data-id=\"e4d6857\" data-element_type=\"column\">\n\t\t\t<div class=\"elementor-widget-wrap elementor-element-populated\">\n\t\t\t\t\t\t\t\t<div class=\"elementor-element elementor-element-4ce84871 elementor-widget-divider--view-line elementor-widget elementor-widget-divider\" data-id=\"4ce84871\" data-element_type=\"widget\" data-widget_type=\"divider.default\">\n\t\t\t\t<div class=\"elementor-widget-container\">\n\t\t\t\t\t<div class=\"elementor-divider\">\n\t\t\t<span class=\"elementor-divider-separator\">\n\t\t\t\t\t\t<\/span>\n\t\t<\/div>\n\t\t\t\t<\/div>\n\t\t\t\t<\/div>\n\t\t\t\t\t<\/div>\n\t\t<\/div>\n\t\t\t\t\t\t\t<\/div>\n\t\t<\/section>\n\t\t\t\t<section class=\"elementor-section elementor-top-section elementor-element elementor-element-549bbe60 elementor-section-full_width elementor-section-height-default elementor-section-height-default\" data-id=\"549bbe60\" data-element_type=\"section\">\n\t\t\t\t\t\t<div class=\"elementor-container elementor-column-gap-default\">\n\t\t\t\t\t<div class=\"elementor-column elementor-col-100 elementor-top-column elementor-element elementor-element-64a798f1\" data-id=\"64a798f1\" data-element_type=\"column\">\n\t\t\t<div class=\"elementor-widget-wrap elementor-element-populated\">\n\t\t\t\t\t\t\t\t<div class=\"elementor-element elementor-element-6c4af406 elementor-widget elementor-widget-heading\" data-id=\"6c4af406\" data-element_type=\"widget\" data-widget_type=\"heading.default\">\n\t\t\t\t<div class=\"elementor-widget-container\">\n\t\t\t<h4 class=\"elementor-heading-title elementor-size-default\">\u00bfQu\u00e9 Red o Redes Sociales Elegir para su Campa\u00f1a de Social Media?<\/h4>\t\t<\/div>\n\t\t\t\t<\/div>\n\t\t\t\t<div class=\"elementor-element elementor-element-1d4ca002 elementor-widget elementor-widget-text-editor\" data-id=\"1d4ca002\" data-element_type=\"widget\" data-widget_type=\"text-editor.default\">\n\t\t\t\t<div class=\"elementor-widget-container\">\n\t\t\t\t\t\t\t<p>Hay que tener en cuenta que no basta con tener una cuenta social activa, sino que&nbsp;<strong>hay que alimentarla,<\/strong>&nbsp;por lo que es importante barajar si va a disponer de&nbsp;<strong>tiempo para gestionarla<\/strong>&nbsp;o voy a derivar parte de mi presupuesto de comunicaci\u00f3n para que&nbsp;<strong>me la gestione un tercero<\/strong>&nbsp;antes de crearla.<\/p>\n<p>Adem\u00e1s, para seleccionar una red social u otra, es l\u00f3gico&nbsp;<strong>pensar primero en mi p\u00fablico,<\/strong>&nbsp;a qui\u00e9n me dirijo, para hacer un an\u00e1lisis previo de las distintas opciones y escoger siempre la m\u00e1s af\u00edn a mi cliente tipo. No se trata de estar por estar, sino de estar para&nbsp;<strong>crear contenido de inter\u00e9s<\/strong>&nbsp;para mis usuarios.<\/p>\n<p>Por poner un ejemplo ilustrativo, si mi negocio se basa en la venta de ropa de beb\u00e9, mi p\u00fablico ser\u00edan padres y madres con ni\u00f1os reci\u00e9n nacidos, por lo que deber\u00eda optar por redes tipo Instagram (perfil de edad id\u00f3neo) o Facebook, dejando a un lado otras como Twitter o LinkedIn, que se alejan del perfil buscado.<\/p>\n<p>Todo el tiempo que se invierta en un&nbsp;<strong>an\u00e1lisis previo del target<\/strong>&nbsp;vs las redes sociales que utilizan, ser\u00e1&nbsp; bienvenido.<\/p>\t\t\t\t\t\t<\/div>\n\t\t\t\t<\/div>\n\t\t\t\t\t<\/div>\n\t\t<\/div>\n\t\t\t\t\t\t\t<\/div>\n\t\t<\/section>\n\t\t\t\t<section class=\"elementor-section elementor-top-section elementor-element elementor-element-3d6e9247 elementor-section-full_width elementor-section-height-default elementor-section-height-default\" data-id=\"3d6e9247\" data-element_type=\"section\">\n\t\t\t\t\t\t<div class=\"elementor-container elementor-column-gap-default\">\n\t\t\t\t\t<div class=\"elementor-column elementor-col-100 elementor-top-column elementor-element elementor-element-59e59a8\" data-id=\"59e59a8\" data-element_type=\"column\">\n\t\t\t<div class=\"elementor-widget-wrap elementor-element-populated\">\n\t\t\t\t\t\t\t\t<div class=\"elementor-element elementor-element-29f9ab1 elementor-widget-divider--view-line elementor-widget elementor-widget-divider\" data-id=\"29f9ab1\" data-element_type=\"widget\" data-widget_type=\"divider.default\">\n\t\t\t\t<div class=\"elementor-widget-container\">\n\t\t\t\t\t<div class=\"elementor-divider\">\n\t\t\t<span class=\"elementor-divider-separator\">\n\t\t\t\t\t\t<\/span>\n\t\t<\/div>\n\t\t\t\t<\/div>\n\t\t\t\t<\/div>\n\t\t\t\t\t<\/div>\n\t\t<\/div>\n\t\t\t\t\t\t\t<\/div>\n\t\t<\/section>\n\t\t\t\t<section class=\"elementor-section elementor-top-section elementor-element elementor-element-365f61aa elementor-section-content-middle elementor-reverse-mobile elementor-section-full_width elementor-section-height-default elementor-section-height-default\" data-id=\"365f61aa\" data-element_type=\"section\" data-settings=\"{&quot;background_background&quot;:&quot;classic&quot;}\">\n\t\t\t\t\t\t<div class=\"elementor-container elementor-column-gap-no\">\n\t\t\t\t\t<div class=\"elementor-column elementor-col-50 elementor-top-column elementor-element elementor-element-2a8ab6d4\" data-id=\"2a8ab6d4\" data-element_type=\"column\">\n\t\t\t<div class=\"elementor-widget-wrap elementor-element-populated\">\n\t\t\t\t\t\t\t\t<div class=\"elementor-element elementor-element-2918a91f elementor-widget elementor-widget-text-editor\" data-id=\"2918a91f\" data-element_type=\"widget\" data-widget_type=\"text-editor.default\">\n\t\t\t\t<div class=\"elementor-widget-container\">\n\t\t\t\t\t\t\t<p>MEJOR CONVERSI\u00d3N &amp; M\u00c1S NOTORIEDAD<\/p>\t\t\t\t\t\t<\/div>\n\t\t\t\t<\/div>\n\t\t\t\t<div class=\"elementor-element elementor-element-1a89312d elementor-widget elementor-widget-heading\" data-id=\"1a89312d\" data-element_type=\"widget\" data-widget_type=\"heading.default\">\n\t\t\t\t<div class=\"elementor-widget-container\">\n\t\t\t<h3 class=\"elementor-heading-title elementor-size-default\">Creando Contenidos<\/h3>\t\t<\/div>\n\t\t\t\t<\/div>\n\t\t\t\t<div class=\"elementor-element elementor-element-5477e7a8 elementor-widget elementor-widget-text-editor\" data-id=\"5477e7a8\" data-element_type=\"widget\" data-widget_type=\"text-editor.default\">\n\t\t\t\t<div class=\"elementor-widget-container\">\n\t\t\t\t\t\t\t<p>Un mal com\u00fan entre los gestores de las redes sociales es tratar de utilizarlas para vender. Siempre trate de ponerse en el lugar de su cliente, de tratar de intuir lo que realmente le va a interesar ver publicado.<\/p><p>Si bien de cuando en cuando es conveniente publicar contenidos de venta directa,\u00a0<strong>utilice siempre su red social para conocer e interactuar con su p\u00fablico,<\/strong>\u00a0investigar sobre sus gustos y crear los post, noticias o enlaces que sepa de antemano que le van a resultar interesante. Con esto,\u00a0<strong>generar\u00e1 confianza y fidelidad<\/strong>\u00a0hacia su marca.<\/p><p>Otro dato a tener en cuenta es la<strong>\u00a0frecuencia de las publicaciones.<\/strong>\u00a0Aqu\u00ed hay un sinf\u00edn de variables que debe considerar, pues una publicaci\u00f3n masiva de contenidos puede ser contraproducente, pues lo realmente interesante podr\u00eda pasar desapercibido entre el maremagnum de posts que sube a su RRSS. Como norma general,\u00a0<strong>dos o tres posts semanales deber\u00edan ser m\u00e1s que suficientes<\/strong>\u00a0para encontrar el equilibrio entre mantener el inter\u00e9s de sus seguidores y no cansarles con demasiada informaci\u00f3n.<\/p><p>Inicialmente no le resultar\u00e1 dif\u00edcil encontrar textos, fotos y enlaces que nutran el timeline de su red social. Con el tiempo se dar\u00e1 cuenta que la creatividad se agota y encontrar contenidos interesantes se le hace cada vez m\u00e1s complicado. Es precisamente en ese momento cuando contar con la experiencia de una<strong><a href=\"https:\/\/marketing.virtualvisions.es\/redes-sociales\/\">\u00a0empresa experta en redes sociales<\/a><\/strong>\u00a0que me la gestione se convierte en una opci\u00f3n m\u00e1s que interesante.<\/p>\t\t\t\t\t\t<\/div>\n\t\t\t\t<\/div>\n\t\t\t\t\t<\/div>\n\t\t<\/div>\n\t\t\t\t<div class=\"elementor-column elementor-col-50 elementor-top-column elementor-element elementor-element-6a03d1aa\" data-id=\"6a03d1aa\" data-element_type=\"column\">\n\t\t\t<div class=\"elementor-widget-wrap elementor-element-populated\">\n\t\t\t\t\t\t\t\t<div class=\"elementor-element elementor-element-3d78151c elementor-widget elementor-widget-image\" data-id=\"3d78151c\" data-element_type=\"widget\" data-widget_type=\"image.default\">\n\t\t\t\t<div class=\"elementor-widget-container\">\n\t\t\t\t\t\t\t\t\t\t\t\t<figure class=\"wp-caption\">\n\t\t\t\t\t\t\t\t\t\t<img decoding=\"async\" loading=\"lazy\" width=\"400\" height=\"222\" src=\"https:\/\/virtualvisions.es\/marketing\/wp-content\/uploads\/2020\/11\/RRSS-Virtual-Visions.png\" class=\"attachment-full size-full wp-image-761\" alt=\"Redes Sociales\" srcset=\"https:\/\/virtualvisions.es\/marketing\/wp-content\/uploads\/2020\/11\/RRSS-Virtual-Visions.png 400w, https:\/\/virtualvisions.es\/marketing\/wp-content\/uploads\/2020\/11\/RRSS-Virtual-Visions-300x167.png 300w\" sizes=\"(max-width: 400px) 100vw, 400px\" \/>\t\t\t\t\t\t\t\t\t\t\t<figcaption class=\"widget-image-caption wp-caption-text\"><\/figcaption>\n\t\t\t\t\t\t\t\t\t\t<\/figure>\n\t\t\t\t\t\t\t\t\t<\/div>\n\t\t\t\t<\/div>\n\t\t\t\t<div class=\"elementor-element elementor-element-8aec6b1 elementor-widget elementor-widget-heading\" data-id=\"8aec6b1\" data-element_type=\"widget\" data-widget_type=\"heading.default\">\n\t\t\t\t<div class=\"elementor-widget-container\">\n\t\t\t<h4 class=\"elementor-heading-title elementor-size-default\">\u00bfNecesita ayuda en la gesti\u00f3n de sus Redes Sociales?<\/h4>\t\t<\/div>\n\t\t\t\t<\/div>\n\t\t\t\t<div class=\"elementor-element elementor-element-40aff8dd elementor-button-align-stretch elementor-widget elementor-widget-form\" data-id=\"40aff8dd\" data-element_type=\"widget\" data-settings=\"{&quot;step_next_label&quot;:&quot;Next&quot;,&quot;step_previous_label&quot;:&quot;Previous&quot;,&quot;button_width&quot;:&quot;100&quot;,&quot;step_type&quot;:&quot;number_text&quot;,&quot;step_icon_shape&quot;:&quot;circle&quot;}\" data-widget_type=\"form.default\">\n\t\t\t\t<div class=\"elementor-widget-container\">\n\t\t\t\t\t<form class=\"elementor-form\" method=\"post\" name=\"Contacto P\u00e1gina RRSS\">\n\t\t\t<input type=\"hidden\" name=\"post_id\" value=\"96\"\/>\n\t\t\t<input type=\"hidden\" name=\"form_id\" value=\"40aff8dd\"\/>\n\t\t\t<input type=\"hidden\" name=\"referer_title\" value=\"Virtual Visions Marketing\" \/>\n\n\t\t\t\n\t\t\t<div class=\"elementor-form-fields-wrapper elementor-labels-above\">\n\t\t\t\t\t\t\t\t<div class=\"elementor-field-type-text elementor-field-group elementor-column elementor-field-group-name elementor-col-100 elementor-field-required\">\n\t\t\t\t\t\t\t\t\t\t\t\t<label for=\"form-field-name\" class=\"elementor-field-label\">\n\t\t\t\t\t\t\t\tNombre*\t\t\t\t\t\t\t<\/label>\n\t\t\t\t\t\t\t\t\t\t\t\t\t\t<input size=\"1\" type=\"text\" name=\"form_fields[name]\" id=\"form-field-name\" class=\"elementor-field elementor-size-md  elementor-field-textual\" required=\"required\" aria-required=\"true\">\n\t\t\t\t\t\t\t\t\t\t\t<\/div>\n\t\t\t\t\t\t\t\t<div class=\"elementor-field-type-email elementor-field-group elementor-column elementor-field-group-email elementor-col-100 elementor-field-required\">\n\t\t\t\t\t\t\t\t\t\t\t\t<label for=\"form-field-email\" class=\"elementor-field-label\">\n\t\t\t\t\t\t\t\tEmail*\t\t\t\t\t\t\t<\/label>\n\t\t\t\t\t\t\t\t\t\t\t\t\t\t<input size=\"1\" type=\"email\" name=\"form_fields[email]\" id=\"form-field-email\" class=\"elementor-field elementor-size-md  elementor-field-textual\" required=\"required\" aria-required=\"true\">\n\t\t\t\t\t\t\t\t\t\t\t<\/div>\n\t\t\t\t\t\t\t\t<div class=\"elementor-field-type-textarea elementor-field-group elementor-column elementor-field-group-message elementor-col-100\">\n\t\t\t\t\t\t\t\t\t\t\t\t<label for=\"form-field-message\" class=\"elementor-field-label\">\n\t\t\t\t\t\t\t\t\u00bfAlgo que debamos saber?\t\t\t\t\t\t\t<\/label>\n\t\t\t\t\t\t<textarea class=\"elementor-field-textual elementor-field  elementor-size-md\" name=\"form_fields[message]\" id=\"form-field-message\" rows=\"4\"><\/textarea>\t\t\t\t<\/div>\n\t\t\t\t\t\t\t\t<div class=\"elementor-field-type-acceptance elementor-field-group elementor-column elementor-field-group-field_f604922 elementor-col-100 elementor-field-required\">\n\t\t\t\t\t\t\t<div class=\"elementor-field-subgroup\">\n\t\t\t<span class=\"elementor-field-option\">\n\t\t\t\t<input type=\"checkbox\" name=\"form_fields[field_f604922]\" id=\"form-field-field_f604922\" class=\"elementor-field elementor-size-md  elementor-acceptance-field\" required=\"required\" aria-required=\"true\">\n\t\t\t\t<label for=\"form-field-field_f604922\">Acepto los <a href=\"\/legal\/\">t\u00e9rminos legales<\/a> y la <a href=\"\/politica-de-privacidad\/\">pol\u00edtica de privacidad<\/a><\/label>\t\t\t<\/span>\n\t\t<\/div>\n\t\t\t\t\t\t<\/div>\n\t\t\t\t\t\t\t\t<div class=\"elementor-field-group elementor-column elementor-field-type-submit elementor-col-100 e-form__buttons\">\n\t\t\t\t\t<button type=\"submit\" class=\"elementor-button elementor-size-sm elementor-animation-grow\">\n\t\t\t\t\t\t<span >\n\t\t\t\t\t\t\t\t\t\t\t\t\t\t\t<span class=\" elementor-button-icon\">\n\t\t\t\t\t\t\t\t\t\t\t\t\t\t\t\t\t\t\t\t\t\t\t\t\t\t<\/span>\n\t\t\t\t\t\t\t\t\t\t\t\t\t\t\t\t\t\t\t\t\t\t<span class=\"elementor-button-text\">ENVIAR<\/span>\n\t\t\t\t\t\t\t\t\t\t\t\t\t<\/span>\n\t\t\t\t\t<\/button>\n\t\t\t\t<\/div>\n\t\t\t<\/div>\n\t\t<\/form>\n\t\t\t\t<\/div>\n\t\t\t\t<\/div>\n\t\t\t\t\t<\/div>\n\t\t<\/div>\n\t\t\t\t\t\t\t<\/div>\n\t\t<\/section>\n\t\t\t\t<section class=\"elementor-section elementor-top-section elementor-element elementor-element-47c398c3 elementor-section-boxed elementor-section-height-default elementor-section-height-default\" data-id=\"47c398c3\" data-element_type=\"section\">\n\t\t\t\t\t\t<div class=\"elementor-container elementor-column-gap-default\">\n\t\t\t\t\t<div class=\"elementor-column elementor-col-100 elementor-top-column elementor-element elementor-element-31019c72\" data-id=\"31019c72\" data-element_type=\"column\">\n\t\t\t<div class=\"elementor-widget-wrap elementor-element-populated\">\n\t\t\t\t\t\t\t\t<div class=\"elementor-element elementor-element-482ba2b4 elementor-widget elementor-widget-spacer\" data-id=\"482ba2b4\" data-element_type=\"widget\" data-widget_type=\"spacer.default\">\n\t\t\t\t<div class=\"elementor-widget-container\">\n\t\t\t\t\t<div class=\"elementor-spacer\">\n\t\t\t<div class=\"elementor-spacer-inner\"><\/div>\n\t\t<\/div>\n\t\t\t\t<\/div>\n\t\t\t\t<\/div>\n\t\t\t\t\t<\/div>\n\t\t<\/div>\n\t\t\t\t\t\t\t<\/div>\n\t\t<\/section>\n\t\t\t\t\t\t\t<\/div>\n\t\t","protected":false},"excerpt":{"rendered":"<p>Social Media Creaci\u00f3n y Gesti\u00f3n de sus Redes Sociales RRSS GESTI\u00d3N INTEGRAL DE CANALES SOCIALES Redes Sociales: Creaci\u00f3n y Mantenimiento La pr\u00e1ctica totalidad de\u00a0sus clientes est\u00e1n en las Redes Sociales,\u00a0ya sea en las cl\u00e1sicas, tipo\u00a0Facebook,\u00a0Twitter,\u00a0Instagram,\u00a0WhatsApp o Youtube o algunas m\u00e1s espec\u00edficas como Tinder, LinkedIn o Telegram. Ante tan evidente profusi\u00f3n de presencia social, se hace&hellip;&nbsp;<a href=\"https:\/\/virtualvisions.es\/marketing\/servicios\/redes-sociales\/\" class=\"\" rel=\"bookmark\">Leer m\u00e1s &raquo;<span class=\"screen-reader-text\">Redes Sociales<\/span><\/a><\/p>\n","protected":false},"author":1,"featured_media":761,"parent":144,"menu_order":0,"comment_status":"closed","ping_status":"closed","template":"page-templates\/template-pagebuilder-full-width.php","meta":{"neve_meta_sidebar":"full-width","neve_meta_container":"","neve_meta_enable_content_width":"on","neve_meta_content_width":100,"neve_meta_title_alignment":"","neve_meta_author_avatar":"","neve_post_elements_order":"","neve_meta_disable_header":"","neve_meta_disable_footer":"","neve_meta_disable_title":"","_ti_tpc_template_sync":false,"_ti_tpc_template_id":"","footnotes":""},"yst_prominent_words":[],"yoast_head":"<!-- This site is optimized with the Yoast SEO Premium plugin v14.6 - https:\/\/yoast.com\/wordpress\/plugins\/seo\/ -->\n<title>Redes Sociales - Virtual Visions Marketing<\/title>\n<meta name=\"robots\" content=\"index, follow\" \/>\n<meta name=\"googlebot\" content=\"index, follow, max-snippet:-1, max-image-preview:large, max-video-preview:-1\" \/>\n<meta name=\"bingbot\" content=\"index, follow, max-snippet:-1, max-image-preview:large, max-video-preview:-1\" \/>\n<link rel=\"canonical\" href=\"https:\/\/virtualvisions.es\/marketing\/servicios\/redes-sociales\/\" \/>\n<meta property=\"og:locale\" content=\"es_ES\" \/>\n<meta property=\"og:type\" content=\"article\" \/>\n<meta property=\"og:title\" content=\"Redes Sociales\" \/>\n<meta property=\"og:description\" content=\"Social Media Creaci\u00f3n y Gesti\u00f3n de sus Redes Sociales RRSS GESTI\u00d3N INTEGRAL DE CANALES SOCIALES Redes Sociales: Creaci\u00f3n y Mantenimiento La pr\u00e1ctica totalidad de\u00a0sus clientes est\u00e1n en las Redes Sociales,\u00a0ya sea en las cl\u00e1sicas, tipo\u00a0Facebook,\u00a0Twitter,\u00a0Instagram,\u00a0WhatsApp o Youtube o algunas m\u00e1s espec\u00edficas como Tinder, LinkedIn o Telegram. Ante tan evidente profusi\u00f3n de presencia social, se hace&hellip;&nbsp;Leer m\u00e1s &raquo;Redes Sociales\" \/>\n<meta property=\"og:url\" content=\"https:\/\/virtualvisions.es\/marketing\/servicios\/redes-sociales\/\" \/>\n<meta property=\"og:site_name\" content=\"Virtual Visions Marketing\" \/>\n<meta property=\"article:modified_time\" content=\"2020-12-16T16:36:50+00:00\" \/>\n<meta property=\"og:image\" content=\"https:\/\/virtualvisions.es\/marketing\/wp-content\/uploads\/2020\/11\/RRSS-Virtual-Visions.png\" \/>\n\t<meta property=\"og:image:width\" content=\"400\" \/>\n\t<meta property=\"og:image:height\" content=\"222\" \/>\n<meta name=\"twitter:card\" content=\"summary_large_image\" \/>\n<script type=\"application\/ld+json\" class=\"yoast-schema-graph\">{\"@context\":\"https:\/\/schema.org\",\"@graph\":[{\"@type\":\"WebSite\",\"@id\":\"https:\/\/virtualvisions.es\/marketing\/#website\",\"url\":\"https:\/\/virtualvisions.es\/marketing\/\",\"name\":\"Virtual Visions Marketing\",\"description\":\"Digital\\u00edzate, este es el momento y Virtual Visions tu empresa especializada\",\"potentialAction\":[{\"@type\":\"SearchAction\",\"target\":\"https:\/\/virtualvisions.es\/marketing\/?s={search_term_string}\",\"query-input\":\"required name=search_term_string\"}],\"inLanguage\":\"es\"},{\"@type\":\"ImageObject\",\"@id\":\"https:\/\/virtualvisions.es\/marketing\/servicios\/redes-sociales\/#primaryimage\",\"inLanguage\":\"es\",\"url\":\"https:\/\/virtualvisions.es\/marketing\/wp-content\/uploads\/2020\/11\/RRSS-Virtual-Visions.png\",\"width\":400,\"height\":222,\"caption\":\"Redes Sociales\"},{\"@type\":\"WebPage\",\"@id\":\"https:\/\/virtualvisions.es\/marketing\/servicios\/redes-sociales\/#webpage\",\"url\":\"https:\/\/virtualvisions.es\/marketing\/servicios\/redes-sociales\/\",\"name\":\"Redes Sociales - Virtual Visions Marketing\",\"isPartOf\":{\"@id\":\"https:\/\/virtualvisions.es\/marketing\/#website\"},\"primaryImageOfPage\":{\"@id\":\"https:\/\/virtualvisions.es\/marketing\/servicios\/redes-sociales\/#primaryimage\"},\"datePublished\":\"2020-10-05T19:14:57+00:00\",\"dateModified\":\"2020-12-16T16:36:50+00:00\",\"inLanguage\":\"es\",\"potentialAction\":[{\"@type\":\"ReadAction\",\"target\":[\"https:\/\/virtualvisions.es\/marketing\/servicios\/redes-sociales\/\"]}]}]}<\/script>\n<!-- \/ Yoast SEO Premium plugin. -->","_links":{"self":[{"href":"https:\/\/virtualvisions.es\/marketing\/wp-json\/wp\/v2\/pages\/96"}],"collection":[{"href":"https:\/\/virtualvisions.es\/marketing\/wp-json\/wp\/v2\/pages"}],"about":[{"href":"https:\/\/virtualvisions.es\/marketing\/wp-json\/wp\/v2\/types\/page"}],"author":[{"embeddable":true,"href":"https:\/\/virtualvisions.es\/marketing\/wp-json\/wp\/v2\/users\/1"}],"replies":[{"embeddable":true,"href":"https:\/\/virtualvisions.es\/marketing\/wp-json\/wp\/v2\/comments?post=96"}],"version-history":[{"count":16,"href":"https:\/\/virtualvisions.es\/marketing\/wp-json\/wp\/v2\/pages\/96\/revisions"}],"predecessor-version":[{"id":889,"href":"https:\/\/virtualvisions.es\/marketing\/wp-json\/wp\/v2\/pages\/96\/revisions\/889"}],"up":[{"embeddable":true,"href":"https:\/\/virtualvisions.es\/marketing\/wp-json\/wp\/v2\/pages\/144"}],"wp:featuredmedia":[{"embeddable":true,"href":"https:\/\/virtualvisions.es\/marketing\/wp-json\/wp\/v2\/media\/761"}],"wp:attachment":[{"href":"https:\/\/virtualvisions.es\/marketing\/wp-json\/wp\/v2\/media?parent=96"}],"wp:term":[{"taxonomy":"yst_prominent_words","embeddable":true,"href":"https:\/\/virtualvisions.es\/marketing\/wp-json\/wp\/v2\/yst_prominent_words?post=96"}],"curies":[{"name":"wp","href":"https:\/\/api.w.org\/{rel}","templated":true}]}}