{"id":175,"date":"2020-10-06T10:43:50","date_gmt":"2020-10-06T10:43:50","guid":{"rendered":"https:\/\/virtualvisions.es\/marketing\/?page_id=175"},"modified":"2023-09-18T19:41:57","modified_gmt":"2023-09-18T19:41:57","slug":"marketing-contenidos","status":"publish","type":"page","link":"https:\/\/virtualvisions.es\/marketing\/marketing-contenidos\/","title":{"rendered":"Marketing de Contenidos"},"content":{"rendered":"\t\t<div data-elementor-type=\"wp-page\" data-elementor-id=\"175\" class=\"elementor elementor-175\" data-elementor-post-type=\"page\">\n\t\t\t\t\t\t\t\t\t<section class=\"elementor-section elementor-top-section elementor-element elementor-element-cfedc38 elementor-section-height-min-height elementor-section-boxed elementor-section-height-default elementor-section-items-middle\" data-id=\"cfedc38\" data-element_type=\"section\" data-settings=\"{&quot;background_background&quot;:&quot;video&quot;,&quot;shape_divider_bottom&quot;:&quot;waves&quot;,&quot;background_video_link&quot;:&quot;https:\\\/\\\/youtu.be\\\/fZmgpCTvqdQ&quot;,&quot;background_video_start&quot;:1}\">\n\t\t\t\t\t\t\t\t<div class=\"elementor-background-video-container elementor-hidden-phone\">\n\t\t\t\t\t\t\t\t\t\t\t\t\t<div class=\"elementor-background-video-embed\"><\/div>\n\t\t\t\t\t\t\t\t\t\t\t\t<\/div>\n\t\t\t\t\t\t\t\t\t<div class=\"elementor-background-overlay\"><\/div>\n\t\t\t\t\t\t<div class=\"elementor-shape elementor-shape-bottom\" data-negative=\"false\">\n\t\t\t<svg xmlns=\"http:\/\/www.w3.org\/2000\/svg\" viewBox=\"0 0 1000 100\" preserveAspectRatio=\"none\">\n\t<path class=\"elementor-shape-fill\" d=\"M421.9,6.5c22.6-2.5,51.5,0.4,75.5,5.3c23.6,4.9,70.9,23.5,100.5,35.7c75.8,32.2,133.7,44.5,192.6,49.7\n\tc23.6,2.1,48.7,3.5,103.4-2.5c54.7-6,106.2-25.6,106.2-25.6V0H0v30.3c0,0,72,32.6,158.4,30.5c39.2-0.7,92.8-6.7,134-22.4\n\tc21.2-8.1,52.2-18.2,79.7-24.2C399.3,7.9,411.6,7.5,421.9,6.5z\"\/>\n<\/svg>\t\t<\/div>\n\t\t\t\t\t<div class=\"elementor-container elementor-column-gap-default\">\n\t\t\t\t\t<div class=\"elementor-column elementor-col-100 elementor-top-column elementor-element elementor-element-685a5caf\" data-id=\"685a5caf\" data-element_type=\"column\">\n\t\t\t<div class=\"elementor-widget-wrap elementor-element-populated\">\n\t\t\t\t\t\t\t\t<div class=\"elementor-element elementor-element-4a6d6231 elementor-widget elementor-widget-heading\" data-id=\"4a6d6231\" data-element_type=\"widget\" data-widget_type=\"heading.default\">\n\t\t\t\t<div class=\"elementor-widget-container\">\n\t\t\t<h1 class=\"elementor-heading-title elementor-size-default\">Marketing de Contenidos<\/h1>\t\t<\/div>\n\t\t\t\t<\/div>\n\t\t\t\t<div class=\"elementor-element elementor-element-f488588 elementor-widget elementor-widget-heading\" data-id=\"f488588\" data-element_type=\"widget\" data-widget_type=\"heading.default\">\n\t\t\t\t<div class=\"elementor-widget-container\">\n\t\t\t<h3 class=\"elementor-heading-title elementor-size-default\">Engagement con su audiencia de Manera Natural<\/h3>\t\t<\/div>\n\t\t\t\t<\/div>\n\t\t\t\t\t<\/div>\n\t\t<\/div>\n\t\t\t\t\t\t\t<\/div>\n\t\t<\/section>\n\t\t\t\t<section class=\"elementor-section elementor-top-section elementor-element elementor-element-75f41a8d elementor-section-full_width elementor-section-height-default elementor-section-height-default\" data-id=\"75f41a8d\" data-element_type=\"section\">\n\t\t\t\t\t\t<div class=\"elementor-container elementor-column-gap-default\">\n\t\t\t\t\t<div class=\"elementor-column elementor-col-100 elementor-top-column elementor-element elementor-element-3fa7e33e\" data-id=\"3fa7e33e\" data-element_type=\"column\">\n\t\t\t<div class=\"elementor-widget-wrap elementor-element-populated\">\n\t\t\t\t\t\t\t\t<div class=\"elementor-element elementor-element-6bb1e5a9 elementor-widget elementor-widget-heading\" data-id=\"6bb1e5a9\" data-element_type=\"widget\" data-widget_type=\"heading.default\">\n\t\t\t\t<div class=\"elementor-widget-container\">\n\t\t\t<h3 class=\"elementor-heading-title elementor-size-default\">ESTRATEGIA DE MARKETING ENFOCADA A ATRAER CLIENTES DE MANERA NATURAL<\/h3>\t\t<\/div>\n\t\t\t\t<\/div>\n\t\t\t\t<div class=\"elementor-element elementor-element-40926b96 elementor-widget elementor-widget-heading\" data-id=\"40926b96\" data-element_type=\"widget\" data-widget_type=\"heading.default\">\n\t\t\t\t<div class=\"elementor-widget-container\">\n\t\t\t<h2 class=\"elementor-heading-title elementor-size-default\">Marketing de Contenidos<\/h2>\t\t<\/div>\n\t\t\t\t<\/div>\n\t\t\t\t<div class=\"elementor-element elementor-element-fce6ae7 elementor-widget elementor-widget-text-editor\" data-id=\"fce6ae7\" data-element_type=\"widget\" data-widget_type=\"text-editor.default\">\n\t\t\t\t<div class=\"elementor-widget-container\">\n\t\t\t\t\t\t\t<p>El <strong>Marketing de Contenidos<\/strong> es la forma de atraer m\u00e1s clientes a trav\u00e9s de la generaci\u00f3n de contenidos de alto valor para su audiencia.<\/p><p>Con esta herramienta de <strong>Inbound Marketing,<\/strong> involucra a su potencial cliente, creando en \u00e9l una percepci\u00f3n y una predisposici\u00f3n positiva hacia su marca, generando con ello m\u00e1s negocio a medio\/largo plazo.<\/p>\t\t\t\t\t\t<\/div>\n\t\t\t\t<\/div>\n\t\t\t\t\t<\/div>\n\t\t<\/div>\n\t\t\t\t\t\t\t<\/div>\n\t\t<\/section>\n\t\t\t\t<section class=\"elementor-section elementor-top-section elementor-element elementor-element-1644b95 elementor-section-full_width elementor-section-height-default elementor-section-height-default\" data-id=\"1644b95\" data-element_type=\"section\">\n\t\t\t\t\t\t<div class=\"elementor-container elementor-column-gap-default\">\n\t\t\t\t\t<div class=\"elementor-column elementor-col-100 elementor-top-column elementor-element elementor-element-7ea9351\" data-id=\"7ea9351\" data-element_type=\"column\">\n\t\t\t<div class=\"elementor-widget-wrap elementor-element-populated\">\n\t\t\t\t\t\t\t\t<div class=\"elementor-element elementor-element-1fc40ae elementor-widget-divider--view-line elementor-widget elementor-widget-divider\" data-id=\"1fc40ae\" data-element_type=\"widget\" data-widget_type=\"divider.default\">\n\t\t\t\t<div class=\"elementor-widget-container\">\n\t\t\t\t\t<div class=\"elementor-divider\">\n\t\t\t<span class=\"elementor-divider-separator\">\n\t\t\t\t\t\t<\/span>\n\t\t<\/div>\n\t\t\t\t<\/div>\n\t\t\t\t<\/div>\n\t\t\t\t\t<\/div>\n\t\t<\/div>\n\t\t\t\t\t\t\t<\/div>\n\t\t<\/section>\n\t\t\t\t<section class=\"elementor-section elementor-top-section elementor-element elementor-element-68456a68 elementor-section-full_width elementor-section-height-default elementor-section-height-default\" data-id=\"68456a68\" data-element_type=\"section\">\n\t\t\t\t\t\t<div class=\"elementor-container elementor-column-gap-default\">\n\t\t\t\t\t<div class=\"elementor-column elementor-col-50 elementor-top-column elementor-element elementor-element-676adb6a\" data-id=\"676adb6a\" data-element_type=\"column\">\n\t\t\t<div class=\"elementor-widget-wrap elementor-element-populated\">\n\t\t\t\t\t\t\t\t<div class=\"elementor-element elementor-element-6452a61f elementor-widget elementor-widget-text-editor\" data-id=\"6452a61f\" data-element_type=\"widget\" data-widget_type=\"text-editor.default\">\n\t\t\t\t<div class=\"elementor-widget-container\">\n\t\t\t\t\t\t\t<p>MEJOR IMAGEN + VALOR A\u00d1ADIDO = MAYORES VENTAS<\/p>\t\t\t\t\t\t<\/div>\n\t\t\t\t<\/div>\n\t\t\t\t<div class=\"elementor-element elementor-element-22fac00d elementor-widget elementor-widget-heading\" data-id=\"22fac00d\" data-element_type=\"widget\" data-widget_type=\"heading.default\">\n\t\t\t\t<div class=\"elementor-widget-container\">\n\t\t\t<h3 class=\"elementor-heading-title elementor-size-default\">El Contenido es el Rey<\/h3>\t\t<\/div>\n\t\t\t\t<\/div>\n\t\t\t\t<div class=\"elementor-element elementor-element-61e0259 elementor-widget elementor-widget-text-editor\" data-id=\"61e0259\" data-element_type=\"widget\" data-widget_type=\"text-editor.default\">\n\t\t\t\t<div class=\"elementor-widget-container\">\n\t\t\t\t\t\t\t<p>Lejos han quedado los tiempos en los que las empresas depend\u00edan de los medios offline para darse a conocer.<\/p><p>Hoy en d\u00eda y a trav\u00e9s de internet, el p\u00fablico dispone de una oferta brutal, lo que supone que <strong>tiene m\u00e1s capacidad que nunca para elegir contenidos e interactuar con ellos.<\/strong> Ah\u00ed nace el <strong>Marketing de Contenidos,<\/strong> en respuesta a mostrar a sus potenciales clientes sus productos y servicios de manera velada, incluso subliminal.<\/p>\t\t\t\t\t\t<\/div>\n\t\t\t\t<\/div>\n\t\t\t\t\t<\/div>\n\t\t<\/div>\n\t\t\t\t<div class=\"elementor-column elementor-col-50 elementor-top-column elementor-element elementor-element-cc0373\" data-id=\"cc0373\" data-element_type=\"column\">\n\t\t\t<div class=\"elementor-widget-wrap elementor-element-populated\">\n\t\t\t\t\t\t\t\t<div class=\"elementor-element elementor-element-2eb52167 elementor-widget elementor-widget-image\" data-id=\"2eb52167\" data-element_type=\"widget\" data-widget_type=\"image.default\">\n\t\t\t\t<div class=\"elementor-widget-container\">\n\t\t\t\t\t\t\t\t\t\t\t\t<figure class=\"wp-caption\">\n\t\t\t\t\t\t\t\t\t\t<img decoding=\"async\" loading=\"lazy\" width=\"500\" height=\"333\" src=\"https:\/\/virtualvisions.es\/marketing\/wp-content\/uploads\/2020\/12\/marketing-de-contenidos.jpg\" class=\"attachment-full size-full wp-image-854\" alt=\"Marketing de Contenidos\" srcset=\"https:\/\/virtualvisions.es\/marketing\/wp-content\/uploads\/2020\/12\/marketing-de-contenidos.jpg 500w, https:\/\/virtualvisions.es\/marketing\/wp-content\/uploads\/2020\/12\/marketing-de-contenidos-300x200.jpg 300w\" sizes=\"(max-width: 500px) 100vw, 500px\" \/>\t\t\t\t\t\t\t\t\t\t\t<figcaption class=\"widget-image-caption wp-caption-text\"><\/figcaption>\n\t\t\t\t\t\t\t\t\t\t<\/figure>\n\t\t\t\t\t\t\t\t\t<\/div>\n\t\t\t\t<\/div>\n\t\t\t\t\t<\/div>\n\t\t<\/div>\n\t\t\t\t\t\t\t<\/div>\n\t\t<\/section>\n\t\t\t\t<section class=\"elementor-section elementor-top-section elementor-element elementor-element-9c9142a elementor-section-full_width elementor-section-height-default elementor-section-height-default\" data-id=\"9c9142a\" data-element_type=\"section\" data-settings=\"{&quot;background_background&quot;:&quot;classic&quot;}\">\n\t\t\t\t\t\t<div class=\"elementor-container elementor-column-gap-default\">\n\t\t\t\t\t<div class=\"elementor-column elementor-col-100 elementor-top-column elementor-element elementor-element-3a23587\" data-id=\"3a23587\" data-element_type=\"column\">\n\t\t\t<div class=\"elementor-widget-wrap elementor-element-populated\">\n\t\t\t\t\t\t\t\t<div class=\"elementor-element elementor-element-60342e6 elementor-widget elementor-widget-text-editor\" data-id=\"60342e6\" data-element_type=\"widget\" data-widget_type=\"text-editor.default\">\n\t\t\t\t<div class=\"elementor-widget-container\">\n\t\t\t\t\t\t\t<p><strong>Olv\u00eddese de crear contenidos para provocar ventas.<\/strong> Trab\u00e1jelos y piense en ellos como una forma de <strong>dar soluciones y proporcionar alg\u00fan beneficio<\/strong> al usuario con un contenido realmente \u00fatil; las ventas ser\u00e1n una consecuencia de esta estrategia.<br><\/p>\t\t\t\t\t\t<\/div>\n\t\t\t\t<\/div>\n\t\t\t\t\t<\/div>\n\t\t<\/div>\n\t\t\t\t\t\t\t<\/div>\n\t\t<\/section>\n\t\t\t\t<section class=\"elementor-section elementor-top-section elementor-element elementor-element-5897b1bb elementor-section-full_width elementor-section-height-default elementor-section-height-default\" data-id=\"5897b1bb\" data-element_type=\"section\">\n\t\t\t\t\t\t<div class=\"elementor-container elementor-column-gap-default\">\n\t\t\t\t\t<div class=\"elementor-column elementor-col-100 elementor-top-column elementor-element elementor-element-4f0b6ee1\" data-id=\"4f0b6ee1\" data-element_type=\"column\">\n\t\t\t<div class=\"elementor-widget-wrap elementor-element-populated\">\n\t\t\t\t\t\t\t\t<div class=\"elementor-element elementor-element-30d28733 elementor-widget elementor-widget-heading\" data-id=\"30d28733\" data-element_type=\"widget\" data-widget_type=\"heading.default\">\n\t\t\t\t<div class=\"elementor-widget-container\">\n\t\t\t<h4 class=\"elementor-heading-title elementor-size-default\">Ventajas del Marketing de Contenidos<\/h4>\t\t<\/div>\n\t\t\t\t<\/div>\n\t\t\t\t<div class=\"elementor-element elementor-element-67cb00c7 elementor-widget elementor-widget-text-editor\" data-id=\"67cb00c7\" data-element_type=\"widget\" data-widget_type=\"text-editor.default\">\n\t\t\t\t<div class=\"elementor-widget-container\">\n\t\t\t\t\t\t\t<p style=\"text-align: justify;\">Seg\u00fan el desarrollador de herramientas para marketing profesional <a href=\"https:\/\/www.hubspot.com\/marketing-statistics\">Hubspot<\/a>, actualmente el 70% de los planificadores de marketing online <strong>apuestan activamente por el marketing de contenidos,<\/strong> lo que muestra muy a las claras la importancia de esta actividad digital.<\/p><p>Estas son algunas de las razones de tan ferviente crecimiento:<\/p><p><span style=\"color: #8b403f;\"><strong>\u2726 Aumento del tr\u00e1fico hacia su p\u00e1gina web.<\/strong><\/span> Quiz\u00e1 sea este uno de los mayores valores del Marketing de Contenidos.<\/p><p>Teniendo claro que la puerta de entrada de sus clientes es su p\u00e1gina web, considere que <a href=\"http:\/\/google.es\">Google<\/a> es la llave. Est\u00e1 demostrado que con<strong> la generaci\u00f3n de 6-8 contenidos al mes duplicar\u00e1 las visitas a su p\u00e1gina web.<\/strong><\/p><p><span style=\"color: #8b403f;\"><strong>\u2726 Imagen de marca.<\/strong><\/span> Los usuarios est\u00e1n m\u00e1s predispuestos a comprar productos y\/o servicios de marcas conocidas y que le sean afines antes que otras desconocidas.<\/p><p>Gracias al Marketing de Contenidos,<strong> ir\u00e1 generando esa afinidad y confianza en el consumidor<\/strong> que decantar\u00e1 la compra a su favor.<\/p><p><span style=\"color: #8b403f;\"><strong>\u2726 Aumenta el engagement de su marca.<\/strong><\/span> Al tratar temas y aportar contenidos de inter\u00e9s su audiencia reacciona a los mismos, defendiendo la marca y creando un engagement real y enriquecedor de acciones mercadot\u00e9cnicas futuras.<\/p>\t\t\t\t\t\t<\/div>\n\t\t\t\t<\/div>\n\t\t\t\t\t<\/div>\n\t\t<\/div>\n\t\t\t\t\t\t\t<\/div>\n\t\t<\/section>\n\t\t\t\t<section class=\"elementor-section elementor-top-section elementor-element elementor-element-4a89bc77 elementor-section-content-middle elementor-reverse-mobile elementor-section-full_width elementor-section-height-default elementor-section-height-default\" data-id=\"4a89bc77\" data-element_type=\"section\" data-settings=\"{&quot;background_background&quot;:&quot;classic&quot;}\">\n\t\t\t\t\t\t<div class=\"elementor-container elementor-column-gap-no\">\n\t\t\t\t\t<div class=\"elementor-column elementor-col-50 elementor-top-column elementor-element elementor-element-ec2a5b7\" data-id=\"ec2a5b7\" data-element_type=\"column\">\n\t\t\t<div class=\"elementor-widget-wrap elementor-element-populated\">\n\t\t\t\t\t\t\t\t<div class=\"elementor-element elementor-element-344622c elementor-widget elementor-widget-text-editor\" data-id=\"344622c\" data-element_type=\"widget\" data-widget_type=\"text-editor.default\">\n\t\t\t\t<div class=\"elementor-widget-container\">\n\t\t\t\t\t\t\t<span style=\"color: #8b403f;\"><strong>\u2726 Muestra el funcionamiento de sus productos.<\/strong><\/span><br>Es posible que sus potenciales clientes no sepan bien c\u00f3mo pueden beneficiarse adquiriendo alguno de sus productos y\/o servicios por desconocimiento.\u00a0 Piense que siempre ser\u00e1 m\u00e1s sencillo vender dos veces a un cliente actual que a uno nuevo, por lo que <strong>el conocimiento de todo su portfolio de productos es muy importante.<\/strong>\n<br><br>\nUna buena estrategia de contenido les puede sacar de dudas y <strong>generar un impulso hacia una posible compra.<\/strong>\n<br><br>\n<strong><span style=\"color: #8b403f;\">\u2726 Genera ventas a medio\/largo plazo.<\/span><br> <\/strong>L\u00f3gicamente no olvidamos el fin \u00faltimo de todas las empresas: <strong>vender<\/strong>. No se preocupe, todo llega. Para ello, la estrategia de la generaci\u00f3n de sus contenidos online debe ir redirigida a <strong>crear un embudo de ventas<\/strong> (o funnel) encaminado a la generaci\u00f3n de leads cualificados y prepararlos para la toma de decisi\u00f3n.\n<br><br>\n<strong><span style=\"color: #8b403f;\">\u2726 Reduce el costo de adquisici\u00f3n por cliente.<\/span><br> <\/strong>Con el <strong>Marketing de Contenidos<\/strong> pasa un poco como con el SEO de su p\u00e1gina: de manera natural los potenciales clientes se van convirtiendo en reales sin un mayor esfuerzo publicitario (o lo que es lo mismo, econ\u00f3mico), con lo que el coste unitario de consecuci\u00f3n de nuevos clientes se reduce dr\u00e1sticamente.\t\t\t\t\t\t<\/div>\n\t\t\t\t<\/div>\n\t\t\t\t\t<\/div>\n\t\t<\/div>\n\t\t\t\t<div class=\"elementor-column elementor-col-50 elementor-top-column elementor-element elementor-element-445c52f8\" data-id=\"445c52f8\" data-element_type=\"column\">\n\t\t\t<div class=\"elementor-widget-wrap elementor-element-populated\">\n\t\t\t\t\t\t\t\t<div class=\"elementor-element elementor-element-413c67bd elementor-widget elementor-widget-image\" data-id=\"413c67bd\" data-element_type=\"widget\" data-widget_type=\"image.default\">\n\t\t\t\t<div class=\"elementor-widget-container\">\n\t\t\t\t\t\t\t\t\t\t\t\t<figure class=\"wp-caption\">\n\t\t\t\t\t\t\t\t\t\t<img decoding=\"async\" loading=\"lazy\" width=\"509\" height=\"178\" src=\"https:\/\/virtualvisions.es\/marketing\/wp-content\/uploads\/2020\/12\/contenidos-online.jpg\" class=\"attachment-full size-full wp-image-880\" alt=\"Contenidos Online\" srcset=\"https:\/\/virtualvisions.es\/marketing\/wp-content\/uploads\/2020\/12\/contenidos-online.jpg 509w, https:\/\/virtualvisions.es\/marketing\/wp-content\/uploads\/2020\/12\/contenidos-online-300x105.jpg 300w\" sizes=\"(max-width: 509px) 100vw, 509px\" \/>\t\t\t\t\t\t\t\t\t\t\t<figcaption class=\"widget-image-caption wp-caption-text\"><\/figcaption>\n\t\t\t\t\t\t\t\t\t\t<\/figure>\n\t\t\t\t\t\t\t\t\t<\/div>\n\t\t\t\t<\/div>\n\t\t\t\t<div class=\"elementor-element elementor-element-14918606 elementor-widget elementor-widget-heading\" data-id=\"14918606\" data-element_type=\"widget\" data-widget_type=\"heading.default\">\n\t\t\t\t<div class=\"elementor-widget-container\">\n\t\t\t<h4 class=\"elementor-heading-title elementor-size-default\">\u00bfNecesita una Estrateg\u00eda de Marketing de Contenidos?<\/h4>\t\t<\/div>\n\t\t\t\t<\/div>\n\t\t\t\t<div class=\"elementor-element elementor-element-b7da9e1 elementor-button-info elementor-align-center elementor-widget elementor-widget-button\" data-id=\"b7da9e1\" data-element_type=\"widget\" data-widget_type=\"button.default\">\n\t\t\t\t<div class=\"elementor-widget-container\">\n\t\t\t\t\t<div class=\"elementor-button-wrapper\">\n\t\t\t<a class=\"elementor-button elementor-button-link elementor-size-md\" href=\"\/contacto\">\n\t\t\t\t\t\t<span class=\"elementor-button-content-wrapper\">\n\t\t\t\t\t\t<span class=\"elementor-button-text\">CONTACTAR<\/span>\n\t\t<\/span>\n\t\t\t\t\t<\/a>\n\t\t<\/div>\n\t\t\t\t<\/div>\n\t\t\t\t<\/div>\n\t\t\t\t\t<\/div>\n\t\t<\/div>\n\t\t\t\t\t\t\t<\/div>\n\t\t<\/section>\n\t\t\t\t<section class=\"elementor-section elementor-top-section elementor-element elementor-element-6bde81c9 elementor-section-boxed elementor-section-height-default elementor-section-height-default\" data-id=\"6bde81c9\" data-element_type=\"section\">\n\t\t\t\t\t\t<div class=\"elementor-container elementor-column-gap-default\">\n\t\t\t\t\t<div class=\"elementor-column elementor-col-100 elementor-top-column elementor-element elementor-element-19ae30b1\" data-id=\"19ae30b1\" data-element_type=\"column\">\n\t\t\t<div class=\"elementor-widget-wrap elementor-element-populated\">\n\t\t\t\t\t\t\t\t<div class=\"elementor-element elementor-element-76e74669 elementor-widget elementor-widget-spacer\" data-id=\"76e74669\" data-element_type=\"widget\" data-widget_type=\"spacer.default\">\n\t\t\t\t<div class=\"elementor-widget-container\">\n\t\t\t\t\t<div class=\"elementor-spacer\">\n\t\t\t<div class=\"elementor-spacer-inner\"><\/div>\n\t\t<\/div>\n\t\t\t\t<\/div>\n\t\t\t\t<\/div>\n\t\t\t\t\t<\/div>\n\t\t<\/div>\n\t\t\t\t\t\t\t<\/div>\n\t\t<\/section>\n\t\t\t\t\t\t\t<\/div>\n\t\t","protected":false},"excerpt":{"rendered":"<p>Marketing de Contenidos Engagement con su audiencia de Manera Natural ESTRATEGIA DE MARKETING ENFOCADA A ATRAER CLIENTES DE MANERA NATURAL Marketing de Contenidos El Marketing de Contenidos es la forma de atraer m\u00e1s clientes a trav\u00e9s de la generaci\u00f3n de contenidos de alto valor para su audiencia. Con esta herramienta de Inbound Marketing, involucra a&hellip;&nbsp;<a href=\"https:\/\/virtualvisions.es\/marketing\/marketing-contenidos\/\" class=\"\" rel=\"bookmark\">Leer m\u00e1s &raquo;<span class=\"screen-reader-text\">Marketing de Contenidos<\/span><\/a><\/p>\n","protected":false},"author":1,"featured_media":0,"parent":0,"menu_order":0,"comment_status":"closed","ping_status":"closed","template":"","meta":{"neve_meta_sidebar":"full-width","neve_meta_container":"full-width","neve_meta_enable_content_width":"on","neve_meta_content_width":100,"neve_meta_title_alignment":"","neve_meta_author_avatar":"","neve_post_elements_order":"","neve_meta_disable_header":"","neve_meta_disable_footer":"","neve_meta_disable_title":"on","_ti_tpc_template_sync":false,"_ti_tpc_template_id":"","footnotes":""},"yst_prominent_words":[],"yoast_head":"<!-- This site is optimized with the Yoast SEO Premium plugin v14.6 - https:\/\/yoast.com\/wordpress\/plugins\/seo\/ -->\n<title>Marketing de Contenidos - Virtual Visions Marketing<\/title>\n<meta name=\"robots\" content=\"index, follow\" \/>\n<meta name=\"googlebot\" content=\"index, follow, max-snippet:-1, max-image-preview:large, max-video-preview:-1\" \/>\n<meta name=\"bingbot\" content=\"index, follow, max-snippet:-1, max-image-preview:large, max-video-preview:-1\" \/>\n<link rel=\"canonical\" href=\"https:\/\/virtualvisions.es\/marketing\/marketing-contenidos\/\" \/>\n<meta property=\"og:locale\" content=\"es_ES\" \/>\n<meta property=\"og:type\" content=\"article\" \/>\n<meta property=\"og:title\" content=\"Marketing de Contenidos\" \/>\n<meta property=\"og:description\" content=\"Marketing de Contenidos Engagement con su audiencia de Manera Natural ESTRATEGIA DE MARKETING ENFOCADA A ATRAER CLIENTES DE MANERA NATURAL Marketing de Contenidos El Marketing de Contenidos es la forma de atraer m\u00e1s clientes a trav\u00e9s de la generaci\u00f3n de contenidos de alto valor para su audiencia. Con esta herramienta de Inbound Marketing, involucra a&hellip;&nbsp;Leer m\u00e1s &raquo;Marketing de Contenidos\" \/>\n<meta property=\"og:url\" content=\"https:\/\/virtualvisions.es\/marketing\/marketing-contenidos\/\" \/>\n<meta property=\"og:site_name\" content=\"Virtual Visions Marketing\" \/>\n<meta property=\"article:modified_time\" content=\"2023-09-18T19:41:57+00:00\" \/>\n<meta property=\"og:image\" content=\"https:\/\/virtualvisions.es\/marketing\/wp-content\/uploads\/2020\/12\/marketing-de-contenidos.jpg\" \/>\n<meta name=\"twitter:card\" content=\"summary_large_image\" \/>\n<script type=\"application\/ld+json\" class=\"yoast-schema-graph\">{\"@context\":\"https:\/\/schema.org\",\"@graph\":[{\"@type\":\"WebSite\",\"@id\":\"https:\/\/virtualvisions.es\/marketing\/#website\",\"url\":\"https:\/\/virtualvisions.es\/marketing\/\",\"name\":\"Virtual Visions Marketing\",\"description\":\"Digital\\u00edzate, este es el momento y Virtual Visions tu empresa especializada\",\"potentialAction\":[{\"@type\":\"SearchAction\",\"target\":\"https:\/\/virtualvisions.es\/marketing\/?s={search_term_string}\",\"query-input\":\"required name=search_term_string\"}],\"inLanguage\":\"es\"},{\"@type\":\"ImageObject\",\"@id\":\"https:\/\/virtualvisions.es\/marketing\/marketing-contenidos\/#primaryimage\",\"inLanguage\":\"es\",\"url\":\"https:\/\/virtualvisions.es\/marketing\/wp-content\/uploads\/2020\/12\/marketing-de-contenidos.jpg\",\"width\":500,\"height\":333,\"caption\":\"Marketing de Contenidos\"},{\"@type\":\"WebPage\",\"@id\":\"https:\/\/virtualvisions.es\/marketing\/marketing-contenidos\/#webpage\",\"url\":\"https:\/\/virtualvisions.es\/marketing\/marketing-contenidos\/\",\"name\":\"Marketing de Contenidos - Virtual Visions Marketing\",\"isPartOf\":{\"@id\":\"https:\/\/virtualvisions.es\/marketing\/#website\"},\"primaryImageOfPage\":{\"@id\":\"https:\/\/virtualvisions.es\/marketing\/marketing-contenidos\/#primaryimage\"},\"datePublished\":\"2020-10-06T10:43:50+00:00\",\"dateModified\":\"2023-09-18T19:41:57+00:00\",\"inLanguage\":\"es\",\"potentialAction\":[{\"@type\":\"ReadAction\",\"target\":[\"https:\/\/virtualvisions.es\/marketing\/marketing-contenidos\/\"]}]}]}<\/script>\n<!-- \/ Yoast SEO Premium plugin. -->","_links":{"self":[{"href":"https:\/\/virtualvisions.es\/marketing\/wp-json\/wp\/v2\/pages\/175"}],"collection":[{"href":"https:\/\/virtualvisions.es\/marketing\/wp-json\/wp\/v2\/pages"}],"about":[{"href":"https:\/\/virtualvisions.es\/marketing\/wp-json\/wp\/v2\/types\/page"}],"author":[{"embeddable":true,"href":"https:\/\/virtualvisions.es\/marketing\/wp-json\/wp\/v2\/users\/1"}],"replies":[{"embeddable":true,"href":"https:\/\/virtualvisions.es\/marketing\/wp-json\/wp\/v2\/comments?post=175"}],"version-history":[{"count":40,"href":"https:\/\/virtualvisions.es\/marketing\/wp-json\/wp\/v2\/pages\/175\/revisions"}],"predecessor-version":[{"id":1627,"href":"https:\/\/virtualvisions.es\/marketing\/wp-json\/wp\/v2\/pages\/175\/revisions\/1627"}],"wp:attachment":[{"href":"https:\/\/virtualvisions.es\/marketing\/wp-json\/wp\/v2\/media?parent=175"}],"wp:term":[{"taxonomy":"yst_prominent_words","embeddable":true,"href":"https:\/\/virtualvisions.es\/marketing\/wp-json\/wp\/v2\/yst_prominent_words?post=175"}],"curies":[{"name":"wp","href":"https:\/\/api.w.org\/{rel}","templated":true}]}}