{"id":113,"date":"2020-10-05T19:51:32","date_gmt":"2020-10-05T19:51:32","guid":{"rendered":"https:\/\/virtualvisions.es\/marketing\/?page_id=113"},"modified":"2021-03-23T12:44:17","modified_gmt":"2021-03-23T12:44:17","slug":"email-marketing","status":"publish","type":"page","link":"https:\/\/virtualvisions.es\/marketing\/email-marketing\/","title":{"rendered":"Email Marketing"},"content":{"rendered":"\t\t<div data-elementor-type=\"wp-page\" data-elementor-id=\"113\" class=\"elementor elementor-113\" data-elementor-post-type=\"page\">\n\t\t\t\t\t\t\t\t\t<section class=\"elementor-section elementor-top-section elementor-element elementor-element-534076c4 elementor-section-height-min-height elementor-section-boxed elementor-section-height-default elementor-section-items-middle\" data-id=\"534076c4\" data-element_type=\"section\" data-settings=\"{&quot;background_background&quot;:&quot;video&quot;,&quot;shape_divider_bottom&quot;:&quot;waves&quot;,&quot;background_video_link&quot;:&quot;https:\\\/\\\/youtu.be\\\/MTN1GbRbd-4&quot;,&quot;background_video_start&quot;:1}\">\n\t\t\t\t\t\t\t\t<div class=\"elementor-background-video-container elementor-hidden-phone\">\n\t\t\t\t\t\t\t\t\t\t\t\t\t<div class=\"elementor-background-video-embed\"><\/div>\n\t\t\t\t\t\t\t\t\t\t\t\t<\/div>\n\t\t\t\t\t\t\t\t\t<div class=\"elementor-background-overlay\"><\/div>\n\t\t\t\t\t\t<div class=\"elementor-shape elementor-shape-bottom\" data-negative=\"false\">\n\t\t\t<svg xmlns=\"http:\/\/www.w3.org\/2000\/svg\" viewBox=\"0 0 1000 100\" preserveAspectRatio=\"none\">\n\t<path class=\"elementor-shape-fill\" d=\"M421.9,6.5c22.6-2.5,51.5,0.4,75.5,5.3c23.6,4.9,70.9,23.5,100.5,35.7c75.8,32.2,133.7,44.5,192.6,49.7\n\tc23.6,2.1,48.7,3.5,103.4-2.5c54.7-6,106.2-25.6,106.2-25.6V0H0v30.3c0,0,72,32.6,158.4,30.5c39.2-0.7,92.8-6.7,134-22.4\n\tc21.2-8.1,52.2-18.2,79.7-24.2C399.3,7.9,411.6,7.5,421.9,6.5z\"\/>\n<\/svg>\t\t<\/div>\n\t\t\t\t\t<div class=\"elementor-container elementor-column-gap-default\">\n\t\t\t\t\t<div class=\"elementor-column elementor-col-100 elementor-top-column elementor-element elementor-element-33e89530\" data-id=\"33e89530\" data-element_type=\"column\">\n\t\t\t<div class=\"elementor-widget-wrap elementor-element-populated\">\n\t\t\t\t\t\t\t\t<div class=\"elementor-element elementor-element-1b5b5171 elementor-widget elementor-widget-heading\" data-id=\"1b5b5171\" data-element_type=\"widget\" data-widget_type=\"heading.default\">\n\t\t\t\t<div class=\"elementor-widget-container\">\n\t\t\t<h1 class=\"elementor-heading-title elementor-size-default\">Email Marketing<\/h1>\t\t<\/div>\n\t\t\t\t<\/div>\n\t\t\t\t<div class=\"elementor-element elementor-element-2defa152 elementor-widget elementor-widget-heading\" data-id=\"2defa152\" data-element_type=\"widget\" data-widget_type=\"heading.default\">\n\t\t\t\t<div class=\"elementor-widget-container\">\n\t\t\t<h3 class=\"elementor-heading-title elementor-size-default\">Contacte con sus clientes y su p\u00fablico a trav\u00e9s de correo electr\u00f3nico<\/h3>\t\t<\/div>\n\t\t\t\t<\/div>\n\t\t\t\t\t<\/div>\n\t\t<\/div>\n\t\t\t\t\t\t\t<\/div>\n\t\t<\/section>\n\t\t\t\t<section class=\"elementor-section elementor-top-section elementor-element elementor-element-7ea59fcb elementor-section-full_width elementor-section-height-default elementor-section-height-default\" data-id=\"7ea59fcb\" data-element_type=\"section\">\n\t\t\t\t\t\t<div class=\"elementor-container elementor-column-gap-default\">\n\t\t\t\t\t<div class=\"elementor-column elementor-col-100 elementor-top-column elementor-element elementor-element-2c1a643e\" data-id=\"2c1a643e\" data-element_type=\"column\">\n\t\t\t<div class=\"elementor-widget-wrap elementor-element-populated\">\n\t\t\t\t\t\t\t\t<div class=\"elementor-element elementor-element-7d225410 elementor-widget elementor-widget-heading\" data-id=\"7d225410\" data-element_type=\"widget\" data-widget_type=\"heading.default\">\n\t\t\t\t<div class=\"elementor-widget-container\">\n\t\t\t<h3 class=\"elementor-heading-title elementor-size-default\">MANTENGA A SU TARGET INFORMADO EN TODO MOMENTO<\/h3>\t\t<\/div>\n\t\t\t\t<\/div>\n\t\t\t\t<div class=\"elementor-element elementor-element-1b73aae5 elementor-widget elementor-widget-heading\" data-id=\"1b73aae5\" data-element_type=\"widget\" data-widget_type=\"heading.default\">\n\t\t\t\t<div class=\"elementor-widget-container\">\n\t\t\t<h2 class=\"elementor-heading-title elementor-size-default\">Email Marketing<\/h2>\t\t<\/div>\n\t\t\t\t<\/div>\n\t\t\t\t<div class=\"elementor-element elementor-element-50a0a892 elementor-widget elementor-widget-text-editor\" data-id=\"50a0a892\" data-element_type=\"widget\" data-widget_type=\"text-editor.default\">\n\t\t\t\t<div class=\"elementor-widget-container\">\n\t\t\t\t\t\t\t<p style=\"text-align: center;\">Contactos, contactos y m\u00e1s contactos&#8230;<\/p><p style=\"text-align: center;\">\u00bfNunca se ha preguntado por qu\u00e9 en la mayor parte de las campa\u00f1as de <strong>publicidad online<\/strong> est\u00e1n como locos por pedir nuestros datos, especialmente el email?<\/p><p style=\"text-align: center;\">La respuesta es obvia: disponer de un correo electr\u00f3nico y de un nombre facilita el engagement con su audiencia y es vital a la hora de <strong>mantener un contacto estrecho y activo con su comunidad,<\/strong> ya sea para informar de nuevos productos, promociones, descuentos, etc.<\/p>\t\t\t\t\t\t<\/div>\n\t\t\t\t<\/div>\n\t\t\t\t\t<\/div>\n\t\t<\/div>\n\t\t\t\t\t\t\t<\/div>\n\t\t<\/section>\n\t\t\t\t<section class=\"elementor-section elementor-top-section elementor-element elementor-element-a79aeef elementor-section-full_width elementor-section-height-default elementor-section-height-default\" data-id=\"a79aeef\" data-element_type=\"section\">\n\t\t\t\t\t\t<div class=\"elementor-container elementor-column-gap-default\">\n\t\t\t\t\t<div class=\"elementor-column elementor-col-100 elementor-top-column elementor-element elementor-element-38dc371\" data-id=\"38dc371\" data-element_type=\"column\">\n\t\t\t<div class=\"elementor-widget-wrap elementor-element-populated\">\n\t\t\t\t\t\t\t\t<div class=\"elementor-element elementor-element-23a2e97 elementor-widget-divider--view-line elementor-widget elementor-widget-divider\" data-id=\"23a2e97\" data-element_type=\"widget\" data-widget_type=\"divider.default\">\n\t\t\t\t<div class=\"elementor-widget-container\">\n\t\t\t\t\t<div class=\"elementor-divider\">\n\t\t\t<span class=\"elementor-divider-separator\">\n\t\t\t\t\t\t<\/span>\n\t\t<\/div>\n\t\t\t\t<\/div>\n\t\t\t\t<\/div>\n\t\t\t\t\t<\/div>\n\t\t<\/div>\n\t\t\t\t\t\t\t<\/div>\n\t\t<\/section>\n\t\t\t\t<section class=\"elementor-section elementor-top-section elementor-element elementor-element-55b56fd4 elementor-section-content-middle elementor-reverse-mobile elementor-section-full_width elementor-section-height-default elementor-section-height-default\" data-id=\"55b56fd4\" data-element_type=\"section\" data-settings=\"{&quot;background_background&quot;:&quot;classic&quot;}\">\n\t\t\t\t\t\t<div class=\"elementor-container elementor-column-gap-no\">\n\t\t\t\t\t<div class=\"elementor-column elementor-col-50 elementor-top-column elementor-element elementor-element-78084f5a\" data-id=\"78084f5a\" data-element_type=\"column\">\n\t\t\t<div class=\"elementor-widget-wrap elementor-element-populated\">\n\t\t\t\t\t\t\t\t<div class=\"elementor-element elementor-element-a8da69d elementor-widget elementor-widget-image\" data-id=\"a8da69d\" data-element_type=\"widget\" data-widget_type=\"image.default\">\n\t\t\t\t<div class=\"elementor-widget-container\">\n\t\t\t\t\t\t\t\t\t\t\t\t\t\t\t<img decoding=\"async\" loading=\"lazy\" width=\"255\" height=\"500\" src=\"https:\/\/virtualvisions.es\/marketing\/wp-content\/uploads\/2021\/03\/email-marketing-online.jpg\" class=\"attachment-full size-full wp-image-1133\" alt=\"email-marketing-online\" srcset=\"https:\/\/virtualvisions.es\/marketing\/wp-content\/uploads\/2021\/03\/email-marketing-online.jpg 255w, https:\/\/virtualvisions.es\/marketing\/wp-content\/uploads\/2021\/03\/email-marketing-online-153x300.jpg 153w\" sizes=\"(max-width: 255px) 100vw, 255px\" \/>\t\t\t\t\t\t\t\t\t\t\t\t\t\t\t<\/div>\n\t\t\t\t<\/div>\n\t\t\t\t\t<\/div>\n\t\t<\/div>\n\t\t\t\t<div class=\"elementor-column elementor-col-50 elementor-top-column elementor-element elementor-element-61c9f85e\" data-id=\"61c9f85e\" data-element_type=\"column\">\n\t\t\t<div class=\"elementor-widget-wrap elementor-element-populated\">\n\t\t\t\t\t\t\t\t<div class=\"elementor-element elementor-element-3f8befef elementor-widget elementor-widget-text-editor\" data-id=\"3f8befef\" data-element_type=\"widget\" data-widget_type=\"text-editor.default\">\n\t\t\t\t<div class=\"elementor-widget-container\">\n\t\t\t\t\t\t\t<h3 class=\"elementor-heading-title elementor-size-default elementor-inline-editing pen\" style=\"font-size: 45px; text-transform: none; letter-spacing: -1px; font-family: 'Varela Round', sans-serif; line-height: 1.2em; color: #8b403f; text-align: start;\" data-elementor-setting-key=\"title\" data-pen-placeholder=\"Teclea aqu\u00ed...\">Ventajas del Email Marketing<\/h3>\t\t\t\t\t\t<\/div>\n\t\t\t\t<\/div>\n\t\t\t\t<div class=\"elementor-element elementor-element-5830006a elementor-widget elementor-widget-text-editor\" data-id=\"5830006a\" data-element_type=\"widget\" data-widget_type=\"text-editor.default\">\n\t\t\t\t<div class=\"elementor-widget-container\">\n\t\t\t\t\t\t\t<p style=\"text-align: justify;\"><span style=\"color: #8b403f;\">\u2714\u00a0 Alcance masivo<\/span><\/p><p style=\"text-align: justify;\">Actualmente, m\u00e1s del 91% de la poblaci\u00f3n dispone de una cuenta de <strong>correo electr\u00f3nico<\/strong> y cerca del 85% lo revisa diariamente, lo que nos garantiza un nivel de acceso muy por encima de otras acciones de <strong>marketing digital.<\/strong><\/p><p style=\"text-align: justify;\"><span style=\"color: #8b403f;\">\u2714\u00a0 Acorde a la ley RGPD<\/span><\/p><p style=\"text-align: justify;\">El <a href=\"https:\/\/rgpd.es\/index.php\/el-nuevo-reglamento-general-de-proteccion-de-datos\/nuevo-reglamento-introduccion\">Reglamento General de Protecci\u00f3n de Datos<\/a> nos obliga a obtener el <strong>permiso del usuario<\/strong> con car\u00e1cter previo al env\u00edo de cualquier comunicaci\u00f3n, lo que significa que ya conoce nuestra empresa, producto o servicio, lo que nos garantiza una <strong>audiencia de alto valor.<\/strong><\/p><p style=\"text-align: justify;\"><span style=\"color: #8b403f;\">\u2714\u00a0 F\u00e1cilmente segmentable<\/span><\/p><p style=\"text-align: justify;\">Si hemos tenido la precauci\u00f3n de hacer una selecci\u00f3n rigurosa a la hora de obtener los datos de nuestra BBDD, la <strong>conversi\u00f3n<\/strong> de nuestras campa\u00f1as de <strong>email marketing<\/strong> crecer\u00e1n exponencialmente, ya que haremos llegar nuestros mensajes al nicho adecuado mediante una simple <strong>segmentaci\u00f3n<\/strong>.<\/p>\t\t\t\t\t\t<\/div>\n\t\t\t\t<\/div>\n\t\t\t\t\t<\/div>\n\t\t<\/div>\n\t\t\t\t\t\t\t<\/div>\n\t\t<\/section>\n\t\t\t\t<section class=\"elementor-section elementor-top-section elementor-element elementor-element-b9ab374 elementor-section-content-middle elementor-reverse-mobile elementor-section-full_width elementor-section-height-default elementor-section-height-default\" data-id=\"b9ab374\" data-element_type=\"section\" data-settings=\"{&quot;background_background&quot;:&quot;classic&quot;}\">\n\t\t\t\t\t\t<div class=\"elementor-container elementor-column-gap-no\">\n\t\t\t\t\t<div class=\"elementor-column elementor-col-50 elementor-top-column elementor-element elementor-element-4e43827\" data-id=\"4e43827\" data-element_type=\"column\">\n\t\t\t<div class=\"elementor-widget-wrap elementor-element-populated\">\n\t\t\t\t\t\t\t\t<div class=\"elementor-element elementor-element-c2bb357 elementor-widget elementor-widget-text-editor\" data-id=\"c2bb357\" data-element_type=\"widget\" data-widget_type=\"text-editor.default\">\n\t\t\t\t<div class=\"elementor-widget-container\">\n\t\t\t\t\t\t\t<p style=\"text-align: justify;\"><span style=\"color: #8b403f;\">\u2714\u00a0 ROI espectacular<\/span><\/p><p style=\"text-align: justify;\">Haciendo bien las cosas y siendo riguroso, las <strong>campa\u00f1as de email marketing<\/strong> obtienen un retorno de inversi\u00f3n sencillamente espectacular.\u00a0<\/p><p>Y como muestra un bot\u00f3n, \u00bfcu\u00e1ntas veces ha comprado usted mism@ en la red incitado por un <strong>correo electr\u00f3nico?<\/strong> \ud83d\ude09<\/p><p style=\"text-align: justify;\"><span style=\"color: #8b403f;\">\u2714\u00a0 Publicidad directa y econ\u00f3mica<\/span><\/p><p style=\"text-align: justify;\">El coste de <strong>enviar un email <\/strong>es baj\u00edsimo en comparaci\u00f3n con otras formas de publicidad, lo que se convierte en una opci\u00f3n muy asequible\u00a0para todo tipo de negocios.<\/p><p style=\"text-align: justify;\"><span style=\"color: #8b403f;\">\u2714\u00a0 Es inmediato y escalable<\/span><\/p><p style=\"text-align: justify;\">Es una cuesti\u00f3n de segundos lo que se tarda en lanzar una campa\u00f1a de <strong>emailing<\/strong> y que llegue al destinatario, lo que nos garantiza <strong>inmediatez.<\/strong><\/p><p style=\"text-align: justify;\">A su vez, es <strong>escalable<\/strong>, en tanto que depende de la base de datos de la que uno disponga para enviar 1, 10 o 100.000 <strong>correos electr\u00f3nicos simult\u00e1neos.<\/strong><\/p><p style=\"text-align: justify;\"><span style=\"color: #8b403f;\">\u2714\u00a0 Autogestionable<\/span><\/p><p style=\"text-align: justify;\">Existen multitud de empresas online con software desarrollado y ampliamente testado, tales como <a href=\"http:\/\/mailchimp.com\">Mailchimp<\/a> o <a href=\"https:\/\/acumbamail.com\/\">Acumbamail<\/a>, que le permiten realizar y enviar sus <strong>campa\u00f1as de email marketing<\/strong> de principio a fin, incluyendo el dise\u00f1o de los correos, las m\u00e9tricas, la creaci\u00f3n de BBDD y los env\u00edos seguros de manera gratuita.<\/p>\t\t\t\t\t\t<\/div>\n\t\t\t\t<\/div>\n\t\t\t\t\t<\/div>\n\t\t<\/div>\n\t\t\t\t<div class=\"elementor-column elementor-col-50 elementor-top-column elementor-element elementor-element-e0b518b\" data-id=\"e0b518b\" data-element_type=\"column\">\n\t\t\t<div class=\"elementor-widget-wrap elementor-element-populated\">\n\t\t\t\t\t\t\t\t<div class=\"elementor-element elementor-element-f00fda0 elementor-widget elementor-widget-image\" data-id=\"f00fda0\" data-element_type=\"widget\" data-widget_type=\"image.default\">\n\t\t\t\t<div class=\"elementor-widget-container\">\n\t\t\t\t\t\t\t\t\t\t\t\t\t\t\t<img decoding=\"async\" loading=\"lazy\" width=\"456\" height=\"500\" src=\"https:\/\/virtualvisions.es\/marketing\/wp-content\/uploads\/2021\/03\/emailing-marketing.jpg\" class=\"attachment-full size-full wp-image-1140\" alt=\"emailing-marketing\" srcset=\"https:\/\/virtualvisions.es\/marketing\/wp-content\/uploads\/2021\/03\/emailing-marketing.jpg 456w, https:\/\/virtualvisions.es\/marketing\/wp-content\/uploads\/2021\/03\/emailing-marketing-274x300.jpg 274w\" sizes=\"(max-width: 456px) 100vw, 456px\" \/>\t\t\t\t\t\t\t\t\t\t\t\t\t\t\t<\/div>\n\t\t\t\t<\/div>\n\t\t\t\t<div class=\"elementor-element elementor-element-cb7220f elementor-widget elementor-widget-heading\" data-id=\"cb7220f\" data-element_type=\"widget\" data-widget_type=\"heading.default\">\n\t\t\t\t<div class=\"elementor-widget-container\">\n\t\t\t<h4 class=\"elementor-heading-title elementor-size-default\">\u00bfNecesita que le ayudemos a crear su newsletter o su campa\u00f1a de email marketing?<\/h4>\t\t<\/div>\n\t\t\t\t<\/div>\n\t\t\t\t<div class=\"elementor-element elementor-element-107228db elementor-button-align-stretch elementor-widget elementor-widget-form\" data-id=\"107228db\" data-element_type=\"widget\" data-settings=\"{&quot;step_next_label&quot;:&quot;Next&quot;,&quot;step_previous_label&quot;:&quot;Previous&quot;,&quot;button_width&quot;:&quot;100&quot;,&quot;step_type&quot;:&quot;number_text&quot;,&quot;step_icon_shape&quot;:&quot;circle&quot;}\" data-widget_type=\"form.default\">\n\t\t\t\t<div class=\"elementor-widget-container\">\n\t\t\t\t\t<form class=\"elementor-form\" method=\"post\" name=\"Contacto P\u00e1gina email mk\">\n\t\t\t<input type=\"hidden\" name=\"post_id\" value=\"113\"\/>\n\t\t\t<input type=\"hidden\" name=\"form_id\" value=\"107228db\"\/>\n\t\t\t<input type=\"hidden\" name=\"referer_title\" value=\"Virtual Visions Marketing\" \/>\n\n\t\t\t\n\t\t\t<div class=\"elementor-form-fields-wrapper elementor-labels-above\">\n\t\t\t\t\t\t\t\t<div class=\"elementor-field-type-text elementor-field-group elementor-column elementor-field-group-name elementor-col-100 elementor-field-required\">\n\t\t\t\t\t\t\t\t\t\t\t\t<label for=\"form-field-name\" class=\"elementor-field-label\">\n\t\t\t\t\t\t\t\tNombre*\t\t\t\t\t\t\t<\/label>\n\t\t\t\t\t\t\t\t\t\t\t\t\t\t<input size=\"1\" type=\"text\" name=\"form_fields[name]\" id=\"form-field-name\" class=\"elementor-field elementor-size-md  elementor-field-textual\" required=\"required\" aria-required=\"true\">\n\t\t\t\t\t\t\t\t\t\t\t<\/div>\n\t\t\t\t\t\t\t\t<div class=\"elementor-field-type-email elementor-field-group elementor-column elementor-field-group-email elementor-col-100 elementor-field-required\">\n\t\t\t\t\t\t\t\t\t\t\t\t<label for=\"form-field-email\" class=\"elementor-field-label\">\n\t\t\t\t\t\t\t\tEmail*\t\t\t\t\t\t\t<\/label>\n\t\t\t\t\t\t\t\t\t\t\t\t\t\t<input size=\"1\" type=\"email\" name=\"form_fields[email]\" id=\"form-field-email\" class=\"elementor-field elementor-size-md  elementor-field-textual\" required=\"required\" aria-required=\"true\">\n\t\t\t\t\t\t\t\t\t\t\t<\/div>\n\t\t\t\t\t\t\t\t<div class=\"elementor-field-type-textarea elementor-field-group elementor-column elementor-field-group-message elementor-col-100\">\n\t\t\t\t\t\t\t\t\t\t\t\t<label for=\"form-field-message\" class=\"elementor-field-label\">\n\t\t\t\t\t\t\t\t\u00bfAlgo que debamos saber?\t\t\t\t\t\t\t<\/label>\n\t\t\t\t\t\t<textarea class=\"elementor-field-textual elementor-field  elementor-size-md\" name=\"form_fields[message]\" id=\"form-field-message\" rows=\"4\"><\/textarea>\t\t\t\t<\/div>\n\t\t\t\t\t\t\t\t<div class=\"elementor-field-type-acceptance elementor-field-group elementor-column elementor-field-group-field_f604922 elementor-col-100 elementor-field-required\">\n\t\t\t\t\t\t\t<div class=\"elementor-field-subgroup\">\n\t\t\t<span class=\"elementor-field-option\">\n\t\t\t\t<input type=\"checkbox\" name=\"form_fields[field_f604922]\" id=\"form-field-field_f604922\" class=\"elementor-field elementor-size-md  elementor-acceptance-field\" required=\"required\" aria-required=\"true\">\n\t\t\t\t<label for=\"form-field-field_f604922\">Acepto los <a href=\"\/legal\/\">t\u00e9rminos legales<\/a> y la <a href=\"\/politica-de-privacidad\/\">pol\u00edtica de privacidad<\/a><\/label>\t\t\t<\/span>\n\t\t<\/div>\n\t\t\t\t\t\t<\/div>\n\t\t\t\t\t\t\t\t<div class=\"elementor-field-group elementor-column elementor-field-type-submit elementor-col-100 e-form__buttons\">\n\t\t\t\t\t<button type=\"submit\" class=\"elementor-button elementor-size-sm elementor-animation-grow\">\n\t\t\t\t\t\t<span >\n\t\t\t\t\t\t\t\t\t\t\t\t\t\t\t<span class=\" elementor-button-icon\">\n\t\t\t\t\t\t\t\t\t\t\t\t\t\t\t\t\t\t\t\t\t\t\t\t\t\t<\/span>\n\t\t\t\t\t\t\t\t\t\t\t\t\t\t\t\t\t\t\t\t\t\t<span class=\"elementor-button-text\">ENVIAR<\/span>\n\t\t\t\t\t\t\t\t\t\t\t\t\t<\/span>\n\t\t\t\t\t<\/button>\n\t\t\t\t<\/div>\n\t\t\t<\/div>\n\t\t<\/form>\n\t\t\t\t<\/div>\n\t\t\t\t<\/div>\n\t\t\t\t\t<\/div>\n\t\t<\/div>\n\t\t\t\t\t\t\t<\/div>\n\t\t<\/section>\n\t\t\t\t\t\t\t<\/div>\n\t\t","protected":false},"excerpt":{"rendered":"<p>Email Marketing Contacte con sus clientes y su p\u00fablico a trav\u00e9s de correo electr\u00f3nico MANTENGA A SU TARGET INFORMADO EN TODO MOMENTO Email Marketing Contactos, contactos y m\u00e1s contactos&#8230; \u00bfNunca se ha preguntado por qu\u00e9 en la mayor parte de las campa\u00f1as de publicidad online est\u00e1n como locos por pedir nuestros datos, especialmente el email?&hellip;&nbsp;<a href=\"https:\/\/virtualvisions.es\/marketing\/email-marketing\/\" class=\"\" rel=\"bookmark\">Leer m\u00e1s &raquo;<span class=\"screen-reader-text\">Email Marketing<\/span><\/a><\/p>\n","protected":false},"author":1,"featured_media":0,"parent":0,"menu_order":0,"comment_status":"closed","ping_status":"closed","template":"page-templates\/template-pagebuilder-full-width.php","meta":{"neve_meta_sidebar":"full-width","neve_meta_container":"","neve_meta_enable_content_width":"on","neve_meta_content_width":100,"neve_meta_title_alignment":"","neve_meta_author_avatar":"","neve_post_elements_order":"","neve_meta_disable_header":"","neve_meta_disable_footer":"","neve_meta_disable_title":"","_ti_tpc_template_sync":false,"_ti_tpc_template_id":"","footnotes":""},"yst_prominent_words":[],"yoast_head":"<!-- This site is optimized with the Yoast SEO Premium plugin v14.6 - https:\/\/yoast.com\/wordpress\/plugins\/seo\/ -->\n<title>Email Marketing - Virtual Visions Marketing<\/title>\n<meta name=\"robots\" content=\"index, follow\" \/>\n<meta name=\"googlebot\" content=\"index, follow, max-snippet:-1, max-image-preview:large, max-video-preview:-1\" \/>\n<meta name=\"bingbot\" content=\"index, follow, max-snippet:-1, max-image-preview:large, max-video-preview:-1\" \/>\n<link rel=\"canonical\" href=\"https:\/\/virtualvisions.es\/marketing\/email-marketing\/\" \/>\n<meta property=\"og:locale\" content=\"es_ES\" \/>\n<meta property=\"og:type\" content=\"article\" \/>\n<meta property=\"og:title\" content=\"Email Marketing\" \/>\n<meta property=\"og:description\" content=\"Email Marketing Contacte con sus clientes y su p\u00fablico a trav\u00e9s de correo electr\u00f3nico MANTENGA A SU TARGET INFORMADO EN TODO MOMENTO Email Marketing Contactos, contactos y m\u00e1s contactos&#8230; \u00bfNunca se ha preguntado por qu\u00e9 en la mayor parte de las campa\u00f1as de publicidad online est\u00e1n como locos por pedir nuestros datos, especialmente el email?&hellip;&nbsp;Leer m\u00e1s &raquo;Email Marketing\" \/>\n<meta property=\"og:url\" content=\"https:\/\/virtualvisions.es\/marketing\/email-marketing\/\" \/>\n<meta property=\"og:site_name\" content=\"Virtual Visions Marketing\" \/>\n<meta property=\"article:modified_time\" content=\"2021-03-23T12:44:17+00:00\" \/>\n<meta property=\"og:image\" content=\"https:\/\/virtualvisions.es\/marketing\/wp-content\/uploads\/2021\/03\/email-marketing-online.jpg\" \/>\n<meta name=\"twitter:card\" content=\"summary_large_image\" \/>\n<script type=\"application\/ld+json\" class=\"yoast-schema-graph\">{\"@context\":\"https:\/\/schema.org\",\"@graph\":[{\"@type\":\"WebSite\",\"@id\":\"https:\/\/virtualvisions.es\/marketing\/#website\",\"url\":\"https:\/\/virtualvisions.es\/marketing\/\",\"name\":\"Virtual Visions Marketing\",\"description\":\"Digital\\u00edzate, este es el momento y Virtual Visions tu empresa especializada\",\"potentialAction\":[{\"@type\":\"SearchAction\",\"target\":\"https:\/\/virtualvisions.es\/marketing\/?s={search_term_string}\",\"query-input\":\"required name=search_term_string\"}],\"inLanguage\":\"es\"},{\"@type\":\"ImageObject\",\"@id\":\"https:\/\/virtualvisions.es\/marketing\/email-marketing\/#primaryimage\",\"inLanguage\":\"es\",\"url\":\"https:\/\/virtualvisions.es\/marketing\/wp-content\/uploads\/2021\/03\/email-marketing-online.jpg\",\"width\":255,\"height\":500,\"caption\":\"email-marketing-online\"},{\"@type\":\"WebPage\",\"@id\":\"https:\/\/virtualvisions.es\/marketing\/email-marketing\/#webpage\",\"url\":\"https:\/\/virtualvisions.es\/marketing\/email-marketing\/\",\"name\":\"Email Marketing - Virtual Visions Marketing\",\"isPartOf\":{\"@id\":\"https:\/\/virtualvisions.es\/marketing\/#website\"},\"primaryImageOfPage\":{\"@id\":\"https:\/\/virtualvisions.es\/marketing\/email-marketing\/#primaryimage\"},\"datePublished\":\"2020-10-05T19:51:32+00:00\",\"dateModified\":\"2021-03-23T12:44:17+00:00\",\"inLanguage\":\"es\",\"potentialAction\":[{\"@type\":\"ReadAction\",\"target\":[\"https:\/\/virtualvisions.es\/marketing\/email-marketing\/\"]}]}]}<\/script>\n<!-- \/ Yoast SEO Premium plugin. -->","_links":{"self":[{"href":"https:\/\/virtualvisions.es\/marketing\/wp-json\/wp\/v2\/pages\/113"}],"collection":[{"href":"https:\/\/virtualvisions.es\/marketing\/wp-json\/wp\/v2\/pages"}],"about":[{"href":"https:\/\/virtualvisions.es\/marketing\/wp-json\/wp\/v2\/types\/page"}],"author":[{"embeddable":true,"href":"https:\/\/virtualvisions.es\/marketing\/wp-json\/wp\/v2\/users\/1"}],"replies":[{"embeddable":true,"href":"https:\/\/virtualvisions.es\/marketing\/wp-json\/wp\/v2\/comments?post=113"}],"version-history":[{"count":24,"href":"https:\/\/virtualvisions.es\/marketing\/wp-json\/wp\/v2\/pages\/113\/revisions"}],"predecessor-version":[{"id":1154,"href":"https:\/\/virtualvisions.es\/marketing\/wp-json\/wp\/v2\/pages\/113\/revisions\/1154"}],"wp:attachment":[{"href":"https:\/\/virtualvisions.es\/marketing\/wp-json\/wp\/v2\/media?parent=113"}],"wp:term":[{"taxonomy":"yst_prominent_words","embeddable":true,"href":"https:\/\/virtualvisions.es\/marketing\/wp-json\/wp\/v2\/yst_prominent_words?post=113"}],"curies":[{"name":"wp","href":"https:\/\/api.w.org\/{rel}","templated":true}]}}