{"id":103,"date":"2020-10-05T19:17:12","date_gmt":"2020-10-05T19:17:12","guid":{"rendered":"https:\/\/virtualvisions.es\/marketing\/?page_id=103"},"modified":"2020-11-30T17:37:00","modified_gmt":"2020-11-30T17:37:00","slug":"mobile-marketing","status":"publish","type":"page","link":"https:\/\/virtualvisions.es\/marketing\/servicios\/mobile-marketing\/","title":{"rendered":"SMS Push Mobile Marketing"},"content":{"rendered":"\t\t<div data-elementor-type=\"wp-page\" data-elementor-id=\"103\" class=\"elementor elementor-103\" data-elementor-post-type=\"page\">\n\t\t\t\t\t\t\t\t\t<section class=\"elementor-section elementor-top-section elementor-element elementor-element-a51468d elementor-section-height-min-height elementor-section-boxed elementor-section-height-default elementor-section-items-middle\" data-id=\"a51468d\" data-element_type=\"section\" data-settings=\"{&quot;background_background&quot;:&quot;video&quot;,&quot;shape_divider_bottom&quot;:&quot;waves&quot;,&quot;background_video_link&quot;:&quot;https:\\\/\\\/youtu.be\\\/7ee22mY6uq4&quot;,&quot;background_video_start&quot;:1}\">\n\t\t\t\t\t\t\t\t<div class=\"elementor-background-video-container elementor-hidden-phone\">\n\t\t\t\t\t\t\t\t\t\t\t\t\t<div class=\"elementor-background-video-embed\"><\/div>\n\t\t\t\t\t\t\t\t\t\t\t\t<\/div>\n\t\t\t\t\t\t\t\t\t<div class=\"elementor-background-overlay\"><\/div>\n\t\t\t\t\t\t<div class=\"elementor-shape elementor-shape-bottom\" data-negative=\"false\">\n\t\t\t<svg xmlns=\"http:\/\/www.w3.org\/2000\/svg\" viewBox=\"0 0 1000 100\" preserveAspectRatio=\"none\">\n\t<path class=\"elementor-shape-fill\" d=\"M421.9,6.5c22.6-2.5,51.5,0.4,75.5,5.3c23.6,4.9,70.9,23.5,100.5,35.7c75.8,32.2,133.7,44.5,192.6,49.7\n\tc23.6,2.1,48.7,3.5,103.4-2.5c54.7-6,106.2-25.6,106.2-25.6V0H0v30.3c0,0,72,32.6,158.4,30.5c39.2-0.7,92.8-6.7,134-22.4\n\tc21.2-8.1,52.2-18.2,79.7-24.2C399.3,7.9,411.6,7.5,421.9,6.5z\"\/>\n<\/svg>\t\t<\/div>\n\t\t\t\t\t<div class=\"elementor-container elementor-column-gap-default\">\n\t\t\t\t\t<div class=\"elementor-column elementor-col-100 elementor-top-column elementor-element elementor-element-1bbb7549\" data-id=\"1bbb7549\" data-element_type=\"column\">\n\t\t\t<div class=\"elementor-widget-wrap elementor-element-populated\">\n\t\t\t\t\t\t\t\t<div class=\"elementor-element elementor-element-5931e570 elementor-widget elementor-widget-heading\" data-id=\"5931e570\" data-element_type=\"widget\" data-widget_type=\"heading.default\">\n\t\t\t\t<div class=\"elementor-widget-container\">\n\t\t\t<h1 class=\"elementor-heading-title elementor-size-default\">SMS Push<br>Mobile Marketing<\/h1>\t\t<\/div>\n\t\t\t\t<\/div>\n\t\t\t\t<div class=\"elementor-element elementor-element-23d4d7c8 elementor-widget elementor-widget-heading\" data-id=\"23d4d7c8\" data-element_type=\"widget\" data-widget_type=\"heading.default\">\n\t\t\t\t<div class=\"elementor-widget-container\">\n\t\t\t<h3 class=\"elementor-heading-title elementor-size-default\">Plataforma de Env\u00edo Masivo de Mensajes a M\u00f3viles.<\/h3>\t\t<\/div>\n\t\t\t\t<\/div>\n\t\t\t\t\t<\/div>\n\t\t<\/div>\n\t\t\t\t\t\t\t<\/div>\n\t\t<\/section>\n\t\t\t\t<section class=\"elementor-section elementor-top-section elementor-element elementor-element-1100f752 elementor-section-full_width elementor-section-height-default elementor-section-height-default\" data-id=\"1100f752\" data-element_type=\"section\">\n\t\t\t\t\t\t<div class=\"elementor-container elementor-column-gap-default\">\n\t\t\t\t\t<div class=\"elementor-column elementor-col-100 elementor-top-column elementor-element elementor-element-4d45089c\" data-id=\"4d45089c\" data-element_type=\"column\">\n\t\t\t<div class=\"elementor-widget-wrap elementor-element-populated\">\n\t\t\t\t\t\t\t\t<div class=\"elementor-element elementor-element-3a91e1e6 elementor-widget elementor-widget-heading\" data-id=\"3a91e1e6\" data-element_type=\"widget\" data-widget_type=\"heading.default\">\n\t\t\t\t<div class=\"elementor-widget-container\">\n\t\t\t<h3 class=\"elementor-heading-title elementor-size-default\">contacte con sus potenciales clientes de forma inmediata<\/h3>\t\t<\/div>\n\t\t\t\t<\/div>\n\t\t\t\t<div class=\"elementor-element elementor-element-22cd12e elementor-widget elementor-widget-heading\" data-id=\"22cd12e\" data-element_type=\"widget\" data-widget_type=\"heading.default\">\n\t\t\t\t<div class=\"elementor-widget-container\">\n\t\t\t<h1 class=\"elementor-heading-title elementor-size-default\">SMS Push - Mobile Marketing<\/h1>\t\t<\/div>\n\t\t\t\t<\/div>\n\t\t\t\t<div class=\"elementor-element elementor-element-54619fdd elementor-widget elementor-widget-text-editor\" data-id=\"54619fdd\" data-element_type=\"widget\" data-widget_type=\"text-editor.default\">\n\t\t\t\t<div class=\"elementor-widget-container\">\n\t\t\t\t\t\t\t<p style=\"text-align: center;\">Si partimos de dos premisas mercadot\u00e9cnicas obvias, como son que el tiempo es oro y el dinero no lo es menos, el\u00a0<strong>SMS Push<\/strong>\u00a0o la posibilidad de realizar un\u00a0<strong>env\u00edo masivo de SMS<\/strong>\u00a0se posiciona como un producto altamente rentable, por tiempo, por que la comunicaci\u00f3n con mi p\u00fablico es\u00a0<strong>inmediata<\/strong>, y por dinero, por que el\u00a0<strong>coste de cada env\u00edo es muy bajo<\/strong>.<\/p>\t\t\t\t\t\t<\/div>\n\t\t\t\t<\/div>\n\t\t\t\t\t<\/div>\n\t\t<\/div>\n\t\t\t\t\t\t\t<\/div>\n\t\t<\/section>\n\t\t\t\t<section class=\"elementor-section elementor-top-section elementor-element elementor-element-35ba5cac elementor-section-full_width elementor-section-height-default elementor-section-height-default\" data-id=\"35ba5cac\" data-element_type=\"section\">\n\t\t\t\t\t\t<div class=\"elementor-container elementor-column-gap-default\">\n\t\t\t\t\t<div class=\"elementor-column elementor-col-100 elementor-top-column elementor-element elementor-element-38088c5b\" data-id=\"38088c5b\" data-element_type=\"column\">\n\t\t\t<div class=\"elementor-widget-wrap elementor-element-populated\">\n\t\t\t\t\t\t\t\t<div class=\"elementor-element elementor-element-21c653b3 elementor-widget-divider--view-line elementor-widget elementor-widget-divider\" data-id=\"21c653b3\" data-element_type=\"widget\" data-widget_type=\"divider.default\">\n\t\t\t\t<div class=\"elementor-widget-container\">\n\t\t\t\t\t<div class=\"elementor-divider\">\n\t\t\t<span class=\"elementor-divider-separator\">\n\t\t\t\t\t\t<\/span>\n\t\t<\/div>\n\t\t\t\t<\/div>\n\t\t\t\t<\/div>\n\t\t\t\t\t<\/div>\n\t\t<\/div>\n\t\t\t\t\t\t\t<\/div>\n\t\t<\/section>\n\t\t\t\t<section class=\"elementor-section elementor-top-section elementor-element elementor-element-71f1d386 elementor-section-content-middle elementor-reverse-mobile elementor-section-full_width elementor-section-height-default elementor-section-height-default\" data-id=\"71f1d386\" data-element_type=\"section\" data-settings=\"{&quot;background_background&quot;:&quot;classic&quot;}\">\n\t\t\t\t\t\t<div class=\"elementor-container elementor-column-gap-no\">\n\t\t\t\t\t<div class=\"elementor-column elementor-col-50 elementor-top-column elementor-element elementor-element-356ea52c\" data-id=\"356ea52c\" data-element_type=\"column\">\n\t\t\t<div class=\"elementor-widget-wrap elementor-element-populated\">\n\t\t\t\t\t\t\t\t<div class=\"elementor-element elementor-element-4829d81d elementor-widget elementor-widget-text-editor\" data-id=\"4829d81d\" data-element_type=\"widget\" data-widget_type=\"text-editor.default\">\n\t\t\t\t<div class=\"elementor-widget-container\">\n\t\t\t\t\t\t\t<p>Imagine poder comunicar a todos sus clientes una oferta de \u00faltima hora en cuesti\u00f3n de segundos, a sabiendas que lo van a leer (el 89% de los sms recibidos son le\u00eddos), o prospectar nuevos clientes haciendo un\u00a0<strong>env\u00edo masivo de SMS<\/strong>\u00a0a una base de datos con un interesante reclamo\u2026<\/p><p>Los\u00a0<strong>SMS Push<\/strong>\u00a0se configuran a trav\u00e9s de nuestra plataforma de manera online en cuesti\u00f3n de segundos, y Ud. puede\u00a0<strong>programar el env\u00edo<\/strong>\u00a0para el d\u00eda y la hora que desee. As\u00ed mismo, recibir\u00e1 un reporte con todas las estad\u00edsticas de lo sucedido con su\u00a0<strong>env\u00edo masivo<\/strong>\u00a0a la cuenta de email que determine a tal efecto.<\/p><p>Por lo que al mercado Premium se refiere, si su plataforma u operadora de l\u00edneas le suministra la base de datos de los usuarios llamantes, tendr\u00e1 en sus manos una herramienta que revitaliza autom\u00e1ticamente sus l\u00edneas,\u00a0<strong>generando tr\u00e1fico de inmediato.<\/strong>\u00a0El hecho de recibir un mensaje publicitario con un remitente conocido incita a su cliente a llamar de inmediato. De hecho, hemos hecho un estudio de la procedencia de las llamadas vs veh\u00edculo publicitario utilizado y los<strong>\u00a0SMS Push<\/strong>\u00a0se posicionan si no como el que mejor, s\u00ed como una de las herramientas de marketing m\u00e1s efectivas de las que actualmente se disponen.<\/p><div class=\"parrafo_cuerpo\">\u00a0<\/div><div class=\"parrafo_cuerpo\"><strong>SMS Push<\/strong>. Una manera r\u00e1pida, c\u00f3moda y barata de alcanzar su target en cuesti\u00f3n de segundos.<\/div>\t\t\t\t\t\t<\/div>\n\t\t\t\t<\/div>\n\t\t\t\t\t<\/div>\n\t\t<\/div>\n\t\t\t\t<div class=\"elementor-column elementor-col-50 elementor-top-column elementor-element elementor-element-730a9866\" data-id=\"730a9866\" data-element_type=\"column\">\n\t\t\t<div class=\"elementor-widget-wrap elementor-element-populated\">\n\t\t\t\t\t\t\t\t<div class=\"elementor-element elementor-element-854c208 elementor-widget elementor-widget-image\" data-id=\"854c208\" data-element_type=\"widget\" data-widget_type=\"image.default\">\n\t\t\t\t<div class=\"elementor-widget-container\">\n\t\t\t\t\t\t\t\t\t\t\t\t<figure class=\"wp-caption\">\n\t\t\t\t\t\t\t\t\t\t<img decoding=\"async\" loading=\"lazy\" width=\"400\" height=\"388\" src=\"https:\/\/virtualvisions.es\/marketing\/wp-content\/uploads\/2020\/11\/enviomasivosms-400x388-1.jpg\" class=\"attachment-full size-full wp-image-771\" alt=\"Sms Push\" srcset=\"https:\/\/virtualvisions.es\/marketing\/wp-content\/uploads\/2020\/11\/enviomasivosms-400x388-1.jpg 400w, https:\/\/virtualvisions.es\/marketing\/wp-content\/uploads\/2020\/11\/enviomasivosms-400x388-1-300x291.jpg 300w\" sizes=\"(max-width: 400px) 100vw, 400px\" \/>\t\t\t\t\t\t\t\t\t\t\t<figcaption class=\"widget-image-caption wp-caption-text\"><\/figcaption>\n\t\t\t\t\t\t\t\t\t\t<\/figure>\n\t\t\t\t\t\t\t\t\t<\/div>\n\t\t\t\t<\/div>\n\t\t\t\t<div class=\"elementor-element elementor-element-3cd45ee elementor-widget elementor-widget-heading\" data-id=\"3cd45ee\" data-element_type=\"widget\" data-widget_type=\"heading.default\">\n\t\t\t\t<div class=\"elementor-widget-container\">\n\t\t\t<h4 class=\"elementor-heading-title elementor-size-default\">\u00bfNecesita m\u00e1s informaci\u00f3n sobre el env\u00edo masivo de SMS Push?<\/h4>\t\t<\/div>\n\t\t\t\t<\/div>\n\t\t\t\t<div class=\"elementor-element elementor-element-62106045 elementor-button-align-stretch elementor-widget elementor-widget-form\" data-id=\"62106045\" data-element_type=\"widget\" data-settings=\"{&quot;step_next_label&quot;:&quot;Next&quot;,&quot;step_previous_label&quot;:&quot;Previous&quot;,&quot;button_width&quot;:&quot;100&quot;,&quot;step_type&quot;:&quot;number_text&quot;,&quot;step_icon_shape&quot;:&quot;circle&quot;}\" data-widget_type=\"form.default\">\n\t\t\t\t<div class=\"elementor-widget-container\">\n\t\t\t\t\t<form class=\"elementor-form\" method=\"post\" name=\"Contacto P\u00e1gina SMS Push\">\n\t\t\t<input type=\"hidden\" name=\"post_id\" value=\"103\"\/>\n\t\t\t<input type=\"hidden\" name=\"form_id\" value=\"62106045\"\/>\n\t\t\t<input type=\"hidden\" name=\"referer_title\" value=\"Virtual Visions Marketing\" \/>\n\n\t\t\t\n\t\t\t<div class=\"elementor-form-fields-wrapper elementor-labels-above\">\n\t\t\t\t\t\t\t\t<div class=\"elementor-field-type-text elementor-field-group elementor-column elementor-field-group-name elementor-col-100 elementor-field-required\">\n\t\t\t\t\t\t\t\t\t\t\t\t<label for=\"form-field-name\" class=\"elementor-field-label\">\n\t\t\t\t\t\t\t\tNombre*\t\t\t\t\t\t\t<\/label>\n\t\t\t\t\t\t\t\t\t\t\t\t\t\t<input size=\"1\" type=\"text\" name=\"form_fields[name]\" id=\"form-field-name\" class=\"elementor-field elementor-size-md  elementor-field-textual\" required=\"required\" aria-required=\"true\">\n\t\t\t\t\t\t\t\t\t\t\t<\/div>\n\t\t\t\t\t\t\t\t<div class=\"elementor-field-type-email elementor-field-group elementor-column elementor-field-group-email elementor-col-100 elementor-field-required\">\n\t\t\t\t\t\t\t\t\t\t\t\t<label for=\"form-field-email\" class=\"elementor-field-label\">\n\t\t\t\t\t\t\t\tEmail*\t\t\t\t\t\t\t<\/label>\n\t\t\t\t\t\t\t\t\t\t\t\t\t\t<input size=\"1\" type=\"email\" name=\"form_fields[email]\" id=\"form-field-email\" class=\"elementor-field elementor-size-md  elementor-field-textual\" required=\"required\" aria-required=\"true\">\n\t\t\t\t\t\t\t\t\t\t\t<\/div>\n\t\t\t\t\t\t\t\t<div class=\"elementor-field-type-textarea elementor-field-group elementor-column elementor-field-group-message elementor-col-100\">\n\t\t\t\t\t\t\t\t\t\t\t\t<label for=\"form-field-message\" class=\"elementor-field-label\">\n\t\t\t\t\t\t\t\t\u00bfAlgo que debamos saber?\t\t\t\t\t\t\t<\/label>\n\t\t\t\t\t\t<textarea class=\"elementor-field-textual elementor-field  elementor-size-md\" name=\"form_fields[message]\" id=\"form-field-message\" rows=\"4\"><\/textarea>\t\t\t\t<\/div>\n\t\t\t\t\t\t\t\t<div class=\"elementor-field-type-acceptance elementor-field-group elementor-column elementor-field-group-field_f604922 elementor-col-100 elementor-field-required\">\n\t\t\t\t\t\t\t<div class=\"elementor-field-subgroup\">\n\t\t\t<span class=\"elementor-field-option\">\n\t\t\t\t<input type=\"checkbox\" name=\"form_fields[field_f604922]\" id=\"form-field-field_f604922\" class=\"elementor-field elementor-size-md  elementor-acceptance-field\" required=\"required\" aria-required=\"true\">\n\t\t\t\t<label for=\"form-field-field_f604922\">Acepto los <a href=\"\/legal\/\">t\u00e9rminos legales<\/a> y la <a href=\"\/politica-de-privacidad\/\">pol\u00edtica de privacidad<\/a><\/label>\t\t\t<\/span>\n\t\t<\/div>\n\t\t\t\t\t\t<\/div>\n\t\t\t\t\t\t\t\t<div class=\"elementor-field-group elementor-column elementor-field-type-submit elementor-col-100 e-form__buttons\">\n\t\t\t\t\t<button type=\"submit\" class=\"elementor-button elementor-size-sm elementor-animation-grow\">\n\t\t\t\t\t\t<span >\n\t\t\t\t\t\t\t\t\t\t\t\t\t\t\t<span class=\" elementor-button-icon\">\n\t\t\t\t\t\t\t\t\t\t\t\t\t\t\t\t\t\t\t\t\t\t\t\t\t\t<\/span>\n\t\t\t\t\t\t\t\t\t\t\t\t\t\t\t\t\t\t\t\t\t\t<span class=\"elementor-button-text\">ENVIAR<\/span>\n\t\t\t\t\t\t\t\t\t\t\t\t\t<\/span>\n\t\t\t\t\t<\/button>\n\t\t\t\t<\/div>\n\t\t\t<\/div>\n\t\t<\/form>\n\t\t\t\t<\/div>\n\t\t\t\t<\/div>\n\t\t\t\t\t<\/div>\n\t\t<\/div>\n\t\t\t\t\t\t\t<\/div>\n\t\t<\/section>\n\t\t\t\t<section class=\"elementor-section elementor-top-section elementor-element elementor-element-29cbe877 elementor-section-boxed elementor-section-height-default elementor-section-height-default\" data-id=\"29cbe877\" data-element_type=\"section\">\n\t\t\t\t\t\t<div class=\"elementor-container elementor-column-gap-default\">\n\t\t\t\t\t<div class=\"elementor-column elementor-col-100 elementor-top-column elementor-element elementor-element-7164ef5f\" data-id=\"7164ef5f\" data-element_type=\"column\">\n\t\t\t<div class=\"elementor-widget-wrap elementor-element-populated\">\n\t\t\t\t\t\t\t\t<div class=\"elementor-element elementor-element-5c725787 elementor-widget elementor-widget-spacer\" data-id=\"5c725787\" data-element_type=\"widget\" data-widget_type=\"spacer.default\">\n\t\t\t\t<div class=\"elementor-widget-container\">\n\t\t\t\t\t<div class=\"elementor-spacer\">\n\t\t\t<div class=\"elementor-spacer-inner\"><\/div>\n\t\t<\/div>\n\t\t\t\t<\/div>\n\t\t\t\t<\/div>\n\t\t\t\t\t<\/div>\n\t\t<\/div>\n\t\t\t\t\t\t\t<\/div>\n\t\t<\/section>\n\t\t\t\t\t\t\t<\/div>\n\t\t","protected":false},"excerpt":{"rendered":"<p>SMS Push Mobile Marketing Plataforma de Env\u00edo Masivo de Mensajes a M\u00f3viles. contacte con sus potenciales clientes de forma inmediata SMS Push &#8211; Mobile Marketing Si partimos de dos premisas mercadot\u00e9cnicas obvias, como son que el tiempo es oro y el dinero no lo es menos, el\u00a0SMS Push\u00a0o la posibilidad de realizar un\u00a0env\u00edo masivo de&hellip;&nbsp;<a href=\"https:\/\/virtualvisions.es\/marketing\/servicios\/mobile-marketing\/\" class=\"\" rel=\"bookmark\">Leer m\u00e1s &raquo;<span class=\"screen-reader-text\">SMS Push Mobile Marketing<\/span><\/a><\/p>\n","protected":false},"author":1,"featured_media":0,"parent":144,"menu_order":0,"comment_status":"closed","ping_status":"closed","template":"page-templates\/template-pagebuilder-full-width.php","meta":{"neve_meta_sidebar":"full-width","neve_meta_container":"","neve_meta_enable_content_width":"on","neve_meta_content_width":100,"neve_meta_title_alignment":"","neve_meta_author_avatar":"","neve_post_elements_order":"","neve_meta_disable_header":"","neve_meta_disable_footer":"","neve_meta_disable_title":"","_ti_tpc_template_sync":false,"_ti_tpc_template_id":"","footnotes":""},"yst_prominent_words":[],"yoast_head":"<!-- This site is optimized with the Yoast SEO Premium plugin v14.6 - https:\/\/yoast.com\/wordpress\/plugins\/seo\/ -->\n<title>SMS Push Mobile Marketing - Virtual Visions Marketing<\/title>\n<meta name=\"robots\" content=\"index, follow\" \/>\n<meta name=\"googlebot\" content=\"index, follow, max-snippet:-1, max-image-preview:large, max-video-preview:-1\" \/>\n<meta name=\"bingbot\" content=\"index, follow, max-snippet:-1, max-image-preview:large, max-video-preview:-1\" \/>\n<link rel=\"canonical\" href=\"https:\/\/virtualvisions.es\/marketing\/servicios\/mobile-marketing\/\" \/>\n<meta property=\"og:locale\" content=\"es_ES\" \/>\n<meta property=\"og:type\" content=\"article\" \/>\n<meta property=\"og:title\" content=\"SMS Push Mobile Marketing\" \/>\n<meta property=\"og:description\" content=\"SMS Push Mobile Marketing Plataforma de Env\u00edo Masivo de Mensajes a M\u00f3viles. contacte con sus potenciales clientes de forma inmediata SMS Push &#8211; Mobile Marketing Si partimos de dos premisas mercadot\u00e9cnicas obvias, como son que el tiempo es oro y el dinero no lo es menos, el\u00a0SMS Push\u00a0o la posibilidad de realizar un\u00a0env\u00edo masivo de&hellip;&nbsp;Leer m\u00e1s &raquo;SMS Push Mobile Marketing\" \/>\n<meta property=\"og:url\" content=\"https:\/\/virtualvisions.es\/marketing\/servicios\/mobile-marketing\/\" \/>\n<meta property=\"og:site_name\" content=\"Virtual Visions Marketing\" \/>\n<meta property=\"article:modified_time\" content=\"2020-11-30T17:37:00+00:00\" \/>\n<meta property=\"og:image\" content=\"https:\/\/virtualvisions.es\/marketing\/wp-content\/uploads\/2020\/11\/enviomasivosms-400x388-1.jpg\" \/>\n<meta name=\"twitter:card\" content=\"summary_large_image\" \/>\n<script type=\"application\/ld+json\" class=\"yoast-schema-graph\">{\"@context\":\"https:\/\/schema.org\",\"@graph\":[{\"@type\":\"WebSite\",\"@id\":\"https:\/\/virtualvisions.es\/marketing\/#website\",\"url\":\"https:\/\/virtualvisions.es\/marketing\/\",\"name\":\"Virtual Visions Marketing\",\"description\":\"Digital\\u00edzate, este es el momento y Virtual Visions tu empresa especializada\",\"potentialAction\":[{\"@type\":\"SearchAction\",\"target\":\"https:\/\/virtualvisions.es\/marketing\/?s={search_term_string}\",\"query-input\":\"required name=search_term_string\"}],\"inLanguage\":\"es\"},{\"@type\":\"ImageObject\",\"@id\":\"https:\/\/virtualvisions.es\/marketing\/servicios\/mobile-marketing\/#primaryimage\",\"inLanguage\":\"es\",\"url\":\"https:\/\/virtualvisions.es\/marketing\/wp-content\/uploads\/2020\/11\/enviomasivosms-400x388-1.jpg\",\"width\":400,\"height\":388,\"caption\":\"Sms Push\"},{\"@type\":\"WebPage\",\"@id\":\"https:\/\/virtualvisions.es\/marketing\/servicios\/mobile-marketing\/#webpage\",\"url\":\"https:\/\/virtualvisions.es\/marketing\/servicios\/mobile-marketing\/\",\"name\":\"SMS Push Mobile Marketing - Virtual Visions Marketing\",\"isPartOf\":{\"@id\":\"https:\/\/virtualvisions.es\/marketing\/#website\"},\"primaryImageOfPage\":{\"@id\":\"https:\/\/virtualvisions.es\/marketing\/servicios\/mobile-marketing\/#primaryimage\"},\"datePublished\":\"2020-10-05T19:17:12+00:00\",\"dateModified\":\"2020-11-30T17:37:00+00:00\",\"inLanguage\":\"es\",\"potentialAction\":[{\"@type\":\"ReadAction\",\"target\":[\"https:\/\/virtualvisions.es\/marketing\/servicios\/mobile-marketing\/\"]}]}]}<\/script>\n<!-- \/ Yoast SEO Premium plugin. -->","_links":{"self":[{"href":"https:\/\/virtualvisions.es\/marketing\/wp-json\/wp\/v2\/pages\/103"}],"collection":[{"href":"https:\/\/virtualvisions.es\/marketing\/wp-json\/wp\/v2\/pages"}],"about":[{"href":"https:\/\/virtualvisions.es\/marketing\/wp-json\/wp\/v2\/types\/page"}],"author":[{"embeddable":true,"href":"https:\/\/virtualvisions.es\/marketing\/wp-json\/wp\/v2\/users\/1"}],"replies":[{"embeddable":true,"href":"https:\/\/virtualvisions.es\/marketing\/wp-json\/wp\/v2\/comments?post=103"}],"version-history":[{"count":12,"href":"https:\/\/virtualvisions.es\/marketing\/wp-json\/wp\/v2\/pages\/103\/revisions"}],"predecessor-version":[{"id":780,"href":"https:\/\/virtualvisions.es\/marketing\/wp-json\/wp\/v2\/pages\/103\/revisions\/780"}],"up":[{"embeddable":true,"href":"https:\/\/virtualvisions.es\/marketing\/wp-json\/wp\/v2\/pages\/144"}],"wp:attachment":[{"href":"https:\/\/virtualvisions.es\/marketing\/wp-json\/wp\/v2\/media?parent=103"}],"wp:term":[{"taxonomy":"yst_prominent_words","embeddable":true,"href":"https:\/\/virtualvisions.es\/marketing\/wp-json\/wp\/v2\/yst_prominent_words?post=103"}],"curies":[{"name":"wp","href":"https:\/\/api.w.org\/{rel}","templated":true}]}}