{"id":101,"date":"2020-10-05T19:16:45","date_gmt":"2020-10-05T19:16:45","guid":{"rendered":"https:\/\/virtualvisions.es\/marketing\/?page_id=101"},"modified":"2020-11-13T14:34:25","modified_gmt":"2020-11-13T14:34:25","slug":"diseno-grafico","status":"publish","type":"page","link":"https:\/\/virtualvisions.es\/marketing\/diseno-creatividad\/diseno-grafico\/","title":{"rendered":"Dise\u00f1o Gr\u00e1fico"},"content":{"rendered":"\t\t<div data-elementor-type=\"wp-page\" data-elementor-id=\"101\" class=\"elementor elementor-101\" data-elementor-post-type=\"page\">\n\t\t\t\t\t\t\t\t\t<section class=\"elementor-section elementor-top-section elementor-element elementor-element-631e1087 elementor-section-height-min-height elementor-section-boxed elementor-section-height-default elementor-section-items-middle\" data-id=\"631e1087\" data-element_type=\"section\" data-settings=\"{&quot;background_background&quot;:&quot;video&quot;,&quot;shape_divider_bottom&quot;:&quot;waves&quot;,&quot;background_video_link&quot;:&quot;https:\\\/\\\/youtu.be\\\/tPTgNrJ5NXU&quot;,&quot;background_video_start&quot;:1}\">\n\t\t\t\t\t\t\t\t<div class=\"elementor-background-video-container elementor-hidden-phone\">\n\t\t\t\t\t\t\t\t\t\t\t\t\t<div class=\"elementor-background-video-embed\"><\/div>\n\t\t\t\t\t\t\t\t\t\t\t\t<\/div>\n\t\t\t\t\t\t\t\t\t<div class=\"elementor-background-overlay\"><\/div>\n\t\t\t\t\t\t<div class=\"elementor-shape elementor-shape-bottom\" data-negative=\"false\">\n\t\t\t<svg xmlns=\"http:\/\/www.w3.org\/2000\/svg\" viewBox=\"0 0 1000 100\" preserveAspectRatio=\"none\">\n\t<path class=\"elementor-shape-fill\" d=\"M421.9,6.5c22.6-2.5,51.5,0.4,75.5,5.3c23.6,4.9,70.9,23.5,100.5,35.7c75.8,32.2,133.7,44.5,192.6,49.7\n\tc23.6,2.1,48.7,3.5,103.4-2.5c54.7-6,106.2-25.6,106.2-25.6V0H0v30.3c0,0,72,32.6,158.4,30.5c39.2-0.7,92.8-6.7,134-22.4\n\tc21.2-8.1,52.2-18.2,79.7-24.2C399.3,7.9,411.6,7.5,421.9,6.5z\"\/>\n<\/svg>\t\t<\/div>\n\t\t\t\t\t<div class=\"elementor-container elementor-column-gap-default\">\n\t\t\t\t\t<div class=\"elementor-column elementor-col-100 elementor-top-column elementor-element elementor-element-45dd7a59\" data-id=\"45dd7a59\" data-element_type=\"column\">\n\t\t\t<div class=\"elementor-widget-wrap elementor-element-populated\">\n\t\t\t\t\t\t\t\t<div class=\"elementor-element elementor-element-c8103b0 elementor-widget elementor-widget-heading\" data-id=\"c8103b0\" data-element_type=\"widget\" data-widget_type=\"heading.default\">\n\t\t\t\t<div class=\"elementor-widget-container\">\n\t\t\t<h1 class=\"elementor-heading-title elementor-size-default\">Dise\u00f1o Gr\u00e1fico<\/h1>\t\t<\/div>\n\t\t\t\t<\/div>\n\t\t\t\t<div class=\"elementor-element elementor-element-2f29c6d9 elementor-widget elementor-widget-heading\" data-id=\"2f29c6d9\" data-element_type=\"widget\" data-widget_type=\"heading.default\">\n\t\t\t\t<div class=\"elementor-widget-container\">\n\t\t\t<h3 class=\"elementor-heading-title elementor-size-default\">Por que no s\u00f3lo del mundo online<br>viven las empresas y los aut\u00f3nomos<\/h3>\t\t<\/div>\n\t\t\t\t<\/div>\n\t\t\t\t\t<\/div>\n\t\t<\/div>\n\t\t\t\t\t\t\t<\/div>\n\t\t<\/section>\n\t\t\t\t<section class=\"elementor-section elementor-top-section elementor-element elementor-element-71c1d298 elementor-section-full_width elementor-section-height-default elementor-section-height-default\" data-id=\"71c1d298\" data-element_type=\"section\">\n\t\t\t\t\t\t<div class=\"elementor-container elementor-column-gap-default\">\n\t\t\t\t\t<div class=\"elementor-column elementor-col-100 elementor-top-column elementor-element elementor-element-2e646ea9\" data-id=\"2e646ea9\" data-element_type=\"column\">\n\t\t\t<div class=\"elementor-widget-wrap elementor-element-populated\">\n\t\t\t\t\t\t\t\t<div class=\"elementor-element elementor-element-51dafe41 elementor-widget elementor-widget-heading\" data-id=\"51dafe41\" data-element_type=\"widget\" data-widget_type=\"heading.default\">\n\t\t\t\t<div class=\"elementor-widget-container\">\n\t\t\t<h3 class=\"elementor-heading-title elementor-size-default\">Dise\u00f1o GR\u00c1FICO<\/h3>\t\t<\/div>\n\t\t\t\t<\/div>\n\t\t\t\t<div class=\"elementor-element elementor-element-155149f3 elementor-widget elementor-widget-heading\" data-id=\"155149f3\" data-element_type=\"widget\" data-widget_type=\"heading.default\">\n\t\t\t\t<div class=\"elementor-widget-container\">\n\t\t\t<h2 class=\"elementor-heading-title elementor-size-default\">Creaci\u00f3n y Dise\u00f1o de Elementos<br> Gr\u00e1ficos de Aplicaci\u00f3n On & Offline<\/h2>\t\t<\/div>\n\t\t\t\t<\/div>\n\t\t\t\t<div class=\"elementor-element elementor-element-2d72b91 elementor-widget elementor-widget-text-editor\" data-id=\"2d72b91\" data-element_type=\"widget\" data-widget_type=\"text-editor.default\">\n\t\t\t\t<div class=\"elementor-widget-container\">\n\t\t\t\t\t\t\tSi bien la pregunta <i>\u00bfqu\u00e9 fue primero, la gallina o el huevo?<\/i> es imposible de contestar sin miedo a equivocarse, la pregunta <i>\u00bfqu\u00e9 va antes del dise\u00f1o de mi p\u00e1gina web?<\/i> es de muy f\u00e1cil contestaci\u00f3n:<br>\n<b>su imagen gr\u00e1fica.<\/b>\n<br><br>\nSin saberlo o sin quererlo, todos hemos tenido contacto en alguna ocasi\u00f3n con el\u00a0<strong>dise\u00f1o gr\u00e1fico<\/strong>. En cada revista, cartel o se\u00f1al de tr\u00e1fico que vemos a diario est\u00e1 impl\u00edcito el trabajo de un <strong>dise\u00f1ador gr\u00e1fico<\/strong>.\n\nTodo lo que vemos consciente o inconscientemente son\u00a0<span class=\"negrita\">se\u00f1ales visuales planificadas<\/span>, estudiadas y realizadas por un especialista en comunicaci\u00f3n visual y\u00a0<strong>dise\u00f1o gr\u00e1fico<\/strong>\u00a0y a las que nos enfrentamos en nuestro quehacer diario.<br><br>\n\nAs\u00ed las cosas, si estamos expuestos a tantos impactos visuales,<br><b>\u00a0\u00bfno ser\u00e1 vital cuidar al m\u00e1ximo los mensajes que provienen de su empresa?<\/b>\t\t\t\t\t\t<\/div>\n\t\t\t\t<\/div>\n\t\t\t\t\t<\/div>\n\t\t<\/div>\n\t\t\t\t\t\t\t<\/div>\n\t\t<\/section>\n\t\t\t\t<section class=\"elementor-section elementor-top-section elementor-element elementor-element-32a8e5bb elementor-section-content-middle elementor-reverse-mobile elementor-section-full_width elementor-section-height-default elementor-section-height-default\" data-id=\"32a8e5bb\" data-element_type=\"section\" data-settings=\"{&quot;background_background&quot;:&quot;classic&quot;}\">\n\t\t\t\t\t\t<div class=\"elementor-container elementor-column-gap-no\">\n\t\t\t\t\t<div class=\"elementor-column elementor-col-50 elementor-top-column elementor-element elementor-element-1c6b8ed7\" data-id=\"1c6b8ed7\" data-element_type=\"column\">\n\t\t\t<div class=\"elementor-widget-wrap elementor-element-populated\">\n\t\t\t\t\t\t\t\t<div class=\"elementor-element elementor-element-25d7d5a4 elementor-widget elementor-widget-heading\" data-id=\"25d7d5a4\" data-element_type=\"widget\" data-widget_type=\"heading.default\">\n\t\t\t\t<div class=\"elementor-widget-container\">\n\t\t\t<h3 class=\"elementor-heading-title elementor-size-default\">Dise\u00f1o de Logotipos<\/h3>\t\t<\/div>\n\t\t\t\t<\/div>\n\t\t\t\t<div class=\"elementor-element elementor-element-1393a130 elementor-widget elementor-widget-text-editor\" data-id=\"1393a130\" data-element_type=\"widget\" data-widget_type=\"text-editor.default\">\n\t\t\t\t<div class=\"elementor-widget-container\">\n\t\t\t\t\t\t\t<p>Le acaban de invitar a conocer por primera vez a sus suegros y Vd. sabe que la primera impresi\u00f3n es muy importante, \u00bfir\u00eda sin peinar, sin perfumar y con ropa zarrapastrosa?\u00a0<span class=\"negrita\">Probablemente no<\/span>.<br \/><br \/>Los\u00a0<strong>logotipos<\/strong>\u00a0son igual: su primera cita con el mercado. Al igual que quiere y necesita causar una buena impresi\u00f3n con sus suegros, tambi\u00e9n querr\u00e1 el mismo efecto en sus potenciales clientes, en sus proveedores y en sus futuros empleados. Por ello, y dado que\u00a0<span class=\"negrita\">toda la imagen de su empresa parte desde esta sencilla imagen gr\u00e1fica<\/span>, la\u00a0<strong>creaci\u00f3n de logotipos<\/strong>\u00a0es un asunto de vital importancia para su futura aceptaci\u00f3n de su empresa, tanto hacia el exterior como hacia el interior.<br \/><br \/>El<strong>\u00a0dise\u00f1o de logotipos<\/strong>\u00a0tiene que ser cuidado, elegante y diferenciador. Y sobre todo, (mal de muchos dise\u00f1adores),\u00a0<span class=\"negrita\">saber que luego tiene que aplicarse<\/span>: no tiene ning\u00fan sentido crear un\u00a0<strong>logotipo<\/strong>\u00a0con multitud de colores y formas de dif\u00edcil reproducci\u00f3n.<\/p>\t\t\t\t\t\t<\/div>\n\t\t\t\t<\/div>\n\t\t\t\t\t<\/div>\n\t\t<\/div>\n\t\t\t\t<div class=\"elementor-column elementor-col-50 elementor-top-column elementor-element elementor-element-7ff38c15\" data-id=\"7ff38c15\" data-element_type=\"column\">\n\t\t\t<div class=\"elementor-widget-wrap elementor-element-populated\">\n\t\t\t\t\t\t\t\t<div class=\"elementor-element elementor-element-104e6bf elementor-widget elementor-widget-image\" data-id=\"104e6bf\" data-element_type=\"widget\" data-widget_type=\"image.default\">\n\t\t\t\t<div class=\"elementor-widget-container\">\n\t\t\t\t\t\t\t\t\t\t\t\t<figure class=\"wp-caption\">\n\t\t\t\t\t\t\t\t\t\t<img decoding=\"async\" loading=\"lazy\" width=\"489\" height=\"472\" src=\"https:\/\/virtualvisions.es\/marketing\/wp-content\/uploads\/2020\/11\/Disen\u0303o-gra\u0301fico-logotipos.png\" class=\"attachment-full size-full wp-image-631\" alt=\"Disen\u0303o grafico logotipos\" srcset=\"https:\/\/virtualvisions.es\/marketing\/wp-content\/uploads\/2020\/11\/Disen\u0303o-gra\u0301fico-logotipos.png 489w, https:\/\/virtualvisions.es\/marketing\/wp-content\/uploads\/2020\/11\/Disen\u0303o-gra\u0301fico-logotipos-300x290.png 300w\" sizes=\"(max-width: 489px) 100vw, 489px\" \/>\t\t\t\t\t\t\t\t\t\t\t<figcaption class=\"widget-image-caption wp-caption-text\">Dise\u00f1o Grafico de Logotipos, algunos de nuestros trabajos<\/figcaption>\n\t\t\t\t\t\t\t\t\t\t<\/figure>\n\t\t\t\t\t\t\t\t\t<\/div>\n\t\t\t\t<\/div>\n\t\t\t\t\t<\/div>\n\t\t<\/div>\n\t\t\t\t\t\t\t<\/div>\n\t\t<\/section>\n\t\t\t\t<section class=\"elementor-section elementor-top-section elementor-element elementor-element-14affd4 elementor-section-full_width elementor-section-height-default elementor-section-height-default\" data-id=\"14affd4\" data-element_type=\"section\">\n\t\t\t\t\t\t<div class=\"elementor-container elementor-column-gap-default\">\n\t\t\t\t\t<div class=\"elementor-column elementor-col-100 elementor-top-column elementor-element elementor-element-555e259d\" data-id=\"555e259d\" data-element_type=\"column\">\n\t\t\t<div class=\"elementor-widget-wrap elementor-element-populated\">\n\t\t\t\t\t\t\t\t<div class=\"elementor-element elementor-element-484032c5 elementor-widget elementor-widget-spacer\" data-id=\"484032c5\" data-element_type=\"widget\" data-widget_type=\"spacer.default\">\n\t\t\t\t<div class=\"elementor-widget-container\">\n\t\t\t\t\t<div class=\"elementor-spacer\">\n\t\t\t<div class=\"elementor-spacer-inner\"><\/div>\n\t\t<\/div>\n\t\t\t\t<\/div>\n\t\t\t\t<\/div>\n\t\t\t\t\t<\/div>\n\t\t<\/div>\n\t\t\t\t\t\t\t<\/div>\n\t\t<\/section>\n\t\t\t\t<section class=\"elementor-section elementor-top-section elementor-element elementor-element-14308c6b elementor-section-content-middle elementor-reverse-mobile elementor-section-full_width elementor-section-height-default elementor-section-height-default\" data-id=\"14308c6b\" data-element_type=\"section\" data-settings=\"{&quot;background_background&quot;:&quot;classic&quot;}\">\n\t\t\t\t\t\t<div class=\"elementor-container elementor-column-gap-wider\">\n\t\t\t\t\t<div class=\"elementor-column elementor-col-50 elementor-top-column elementor-element elementor-element-2504e75e\" data-id=\"2504e75e\" data-element_type=\"column\">\n\t\t\t<div class=\"elementor-widget-wrap elementor-element-populated\">\n\t\t\t\t\t\t\t\t<div class=\"elementor-element elementor-element-212fc65f elementor-widget elementor-widget-image\" data-id=\"212fc65f\" data-element_type=\"widget\" data-widget_type=\"image.default\">\n\t\t\t\t<div class=\"elementor-widget-container\">\n\t\t\t\t\t\t\t\t\t\t\t\t<figure class=\"wp-caption\">\n\t\t\t\t\t\t\t\t\t\t<img decoding=\"async\" loading=\"lazy\" width=\"600\" height=\"533\" src=\"https:\/\/virtualvisions.es\/marketing\/wp-content\/uploads\/2020\/11\/Disen\u0303o-Grafico-Identidad-Corporativa.jpg\" class=\"attachment-full size-full wp-image-634\" alt=\"\" srcset=\"https:\/\/virtualvisions.es\/marketing\/wp-content\/uploads\/2020\/11\/Disen\u0303o-Grafico-Identidad-Corporativa.jpg 600w, https:\/\/virtualvisions.es\/marketing\/wp-content\/uploads\/2020\/11\/Disen\u0303o-Grafico-Identidad-Corporativa-300x267.jpg 300w\" sizes=\"(max-width: 600px) 100vw, 600px\" \/>\t\t\t\t\t\t\t\t\t\t\t<figcaption class=\"widget-image-caption wp-caption-text\">Dise\u00f1o Gr\u00e1fico Identidad Corporativa<\/figcaption>\n\t\t\t\t\t\t\t\t\t\t<\/figure>\n\t\t\t\t\t\t\t\t\t<\/div>\n\t\t\t\t<\/div>\n\t\t\t\t\t<\/div>\n\t\t<\/div>\n\t\t\t\t<div class=\"elementor-column elementor-col-50 elementor-top-column elementor-element elementor-element-6811d44b\" data-id=\"6811d44b\" data-element_type=\"column\">\n\t\t\t<div class=\"elementor-widget-wrap elementor-element-populated\">\n\t\t\t\t\t\t\t\t<div class=\"elementor-element elementor-element-31b8c3ae elementor-widget elementor-widget-heading\" data-id=\"31b8c3ae\" data-element_type=\"widget\" data-widget_type=\"heading.default\">\n\t\t\t\t<div class=\"elementor-widget-container\">\n\t\t\t<h3 class=\"elementor-heading-title elementor-size-default\">Dise\u00f1o de Identidades Corporativas<\/h3>\t\t<\/div>\n\t\t\t\t<\/div>\n\t\t\t\t<div class=\"elementor-element elementor-element-dc1879 elementor-widget elementor-widget-text-editor\" data-id=\"dc1879\" data-element_type=\"widget\" data-widget_type=\"text-editor.default\">\n\t\t\t\t<div class=\"elementor-widget-container\">\n\t\t\t\t\t\t\tExactamente \u00bfqu\u00e9 es una <b>identidad corporativa<\/b>?<br><br>Ilustr\u00e9moslo con un ejemplo: \u00bfimagina ir en el extranjero a cualquiera de las hamburgueser\u00edas americanas m\u00e1s famosas y que la\u00a0imagen (logotipo, nombre de las hamburguesas, carteler\u00eda de los establecimientos, etc.) fuera completamente diferente a la que est\u00e1 acostumbrado? \u00bfNo le parecer\u00eda extra\u00f1o?\n<br><br> Otro ejemplo: \u00bfimagina que en su equipo de f\u00fatbol o baloncesto cada jugador fuera con una camiseta diferente?<br><br>\n\nPara eso est\u00e1 la identidad corporativa: <b>a\u00fana, da criterio y organiza los requisitos t\u00e9cnicos, gr\u00e1ficos y de comunicaci\u00f3n de obligado cumplimiento\u00a0para su empresa.<\/b> <br><br>\n\nPuede ser desde la\u00a0creaci\u00f3n de una identidad corporativa\u00a0sencilla <b>(logotipo\u00a0y\u00a0papeler\u00eda corporativa)<\/b> hasta la m\u00e1s completa, que incluya desde el dise\u00f1o de interiores, vestuario y rotulaci\u00f3n de veh\u00edculos, hasta incluso !el olor de sus establecimientos!<br><br>\n\n<b>No deje nada al azar.<\/b> Considere la\u00a0identidad corporativa\u00a0de su empresa como\u00a0su aut\u00e9ntica \u201cbiblia\u201d gr\u00e1fica.\t\t\t\t\t\t<\/div>\n\t\t\t\t<\/div>\n\t\t\t\t\t<\/div>\n\t\t<\/div>\n\t\t\t\t\t\t\t<\/div>\n\t\t<\/section>\n\t\t\t\t<section class=\"elementor-section elementor-top-section elementor-element elementor-element-79244cc6 elementor-section-content-middle elementor-reverse-mobile elementor-section-full_width elementor-section-height-default elementor-section-height-default\" data-id=\"79244cc6\" data-element_type=\"section\" data-settings=\"{&quot;background_background&quot;:&quot;classic&quot;}\">\n\t\t\t\t\t\t<div class=\"elementor-container elementor-column-gap-no\">\n\t\t\t\t\t<div class=\"elementor-column elementor-col-50 elementor-top-column elementor-element elementor-element-4f3b888a\" data-id=\"4f3b888a\" data-element_type=\"column\">\n\t\t\t<div class=\"elementor-widget-wrap elementor-element-populated\">\n\t\t\t\t\t\t\t\t<div class=\"elementor-element elementor-element-1244ec31 elementor-widget elementor-widget-heading\" data-id=\"1244ec31\" data-element_type=\"widget\" data-widget_type=\"heading.default\">\n\t\t\t\t<div class=\"elementor-widget-container\">\n\t\t\t<h3 class=\"elementor-heading-title elementor-size-default\">Dise\u00f1os Aplicados<\/h3>\t\t<\/div>\n\t\t\t\t<\/div>\n\t\t\t\t<div class=\"elementor-element elementor-element-ee928f1 elementor-widget elementor-widget-text-editor\" data-id=\"ee928f1\" data-element_type=\"widget\" data-widget_type=\"text-editor.default\">\n\t\t\t\t<div class=\"elementor-widget-container\">\n\t\t\t\t\t\t\t<p>Nuestro deber es tener en cuenta el devenir del mercado para estar atentos a tendencias en cuanto a\u00a0<span class=\"azul\">dise\u00f1os complejos<\/span>\u00a0y nuevas aplicaciones de dise\u00f1o.<\/p><p>L\u00f3gicamente, al hablar de dise\u00f1o nuestra mente nos lleva a\u00a0<strong><span class=\"enlace_subrayado\">logotipos<\/span><\/strong>,\u00a0<strong><span class=\"enlace_subrayado\">papeler\u00edas corporativas<\/span><\/strong>,\u00a0<strong><span class=\"enlace_subrayado\">dise\u00f1os web<\/span><\/strong>, etc. y obvia aplicaciones tales como las que se mencionan a continuaci\u00f3n.<\/p>\t\t\t\t\t\t<\/div>\n\t\t\t\t<\/div>\n\t\t\t\t\t<\/div>\n\t\t<\/div>\n\t\t\t\t<div class=\"elementor-column elementor-col-50 elementor-top-column elementor-element elementor-element-6602950d\" data-id=\"6602950d\" data-element_type=\"column\">\n\t\t\t<div class=\"elementor-widget-wrap elementor-element-populated\">\n\t\t\t\t\t\t\t\t<div class=\"elementor-element elementor-element-3542d5d9 elementor-widget elementor-widget-text-editor\" data-id=\"3542d5d9\" data-element_type=\"widget\" data-widget_type=\"text-editor.default\">\n\t\t\t\t<div class=\"elementor-widget-container\">\n\t\t\t\t\t\t\t<span style=\"color: #8B403F;\"><b>\u00b7 Documentos electr\u00f3nicos<\/b><\/span> (plantillas MS Excel, MS Word y MS Powerpoint, PDF, etc.)\n<br><br>\n<span style=\"color: #8B403F;\"><b>\u00b7\u00a0Dise\u00f1o de envases y embalajes<\/b><\/span> (packaging)\n<br><br>\n<span style=\"color: #8B403F;\"><b>\u00b7 Dise\u00f1os basados en texto<\/b><\/span> (SMS Push, notas de prensa, campa\u00f1as en foros, etc.)\n<br><br>\n<span style=\"color: #8B403F;\"><b>\u00b7\u00a0Dise\u00f1o integrado de imagen y sonido:<\/b><\/span> MMS Push, Zonas Bluetooth y videotutoriales\n<br><br>\n<span style=\"color: #8B403F;\"><b>\u00b7\u00a0Dise\u00f1o de campa\u00f1as a trav\u00e9s de Red Inteligente<\/b><\/span> (90X, 80X)\n<br><br>\n<span style=\"color: #8B403F;\"><b>\u00b7\u00a0Dise\u00f1o de campa\u00f1as de\u00a0marketing viral<\/b><\/span>\u00a0online y offline\t\t\t\t\t\t<\/div>\n\t\t\t\t<\/div>\n\t\t\t\t\t<\/div>\n\t\t<\/div>\n\t\t\t\t\t\t\t<\/div>\n\t\t<\/section>\n\t\t\t\t<section class=\"elementor-section elementor-top-section elementor-element elementor-element-4cee9b9 elementor-section-boxed elementor-section-height-default elementor-section-height-default\" data-id=\"4cee9b9\" data-element_type=\"section\">\n\t\t\t\t\t\t<div class=\"elementor-container elementor-column-gap-default\">\n\t\t\t\t\t<div class=\"elementor-column elementor-col-100 elementor-top-column elementor-element elementor-element-1e8d5a3\" data-id=\"1e8d5a3\" data-element_type=\"column\">\n\t\t\t<div class=\"elementor-widget-wrap elementor-element-populated\">\n\t\t\t\t\t\t\t\t<div class=\"elementor-element elementor-element-a862ddf elementor-widget elementor-widget-spacer\" data-id=\"a862ddf\" data-element_type=\"widget\" data-widget_type=\"spacer.default\">\n\t\t\t\t<div class=\"elementor-widget-container\">\n\t\t\t\t\t<div class=\"elementor-spacer\">\n\t\t\t<div class=\"elementor-spacer-inner\"><\/div>\n\t\t<\/div>\n\t\t\t\t<\/div>\n\t\t\t\t<\/div>\n\t\t\t\t\t<\/div>\n\t\t<\/div>\n\t\t\t\t\t\t\t<\/div>\n\t\t<\/section>\n\t\t\t\t\t\t\t<\/div>\n\t\t","protected":false},"excerpt":{"rendered":"<p>Dise\u00f1o Gr\u00e1fico Por que no s\u00f3lo del mundo online viven las empresas y los aut\u00f3nomos Dise\u00f1o GR\u00c1FICO Creaci\u00f3n y Dise\u00f1o de Elementos Gr\u00e1ficos de Aplicaci\u00f3n On &amp; Offline Si bien la pregunta \u00bfqu\u00e9 fue primero, la gallina o el huevo? es imposible de contestar sin miedo a equivocarse, la pregunta \u00bfqu\u00e9 va antes del dise\u00f1o&hellip;&nbsp;<a href=\"https:\/\/virtualvisions.es\/marketing\/diseno-creatividad\/diseno-grafico\/\" class=\"\" rel=\"bookmark\">Leer m\u00e1s &raquo;<span class=\"screen-reader-text\">Dise\u00f1o Gr\u00e1fico<\/span><\/a><\/p>\n","protected":false},"author":1,"featured_media":631,"parent":142,"menu_order":0,"comment_status":"closed","ping_status":"closed","template":"page-templates\/template-pagebuilder-full-width.php","meta":{"neve_meta_sidebar":"full-width","neve_meta_container":"","neve_meta_enable_content_width":"on","neve_meta_content_width":100,"neve_meta_title_alignment":"","neve_meta_author_avatar":"","neve_post_elements_order":"","neve_meta_disable_header":"","neve_meta_disable_footer":"","neve_meta_disable_title":"","_ti_tpc_template_sync":false,"_ti_tpc_template_id":"","footnotes":""},"yst_prominent_words":[],"yoast_head":"<!-- This site is optimized with the Yoast SEO Premium plugin v14.6 - https:\/\/yoast.com\/wordpress\/plugins\/seo\/ -->\n<title>Dise\u00f1o Grafico | Creaci\u00f3n de Logotipos e Identidades Corporativas<\/title>\n<meta name=\"description\" content=\"Dise\u00f1o grafico avanzado y profesional para la creaci\u00f3n de logotipos, papeler\u00edas e identidades corporativas para su empresa y\/o negocio.\" \/>\n<meta name=\"robots\" content=\"index, follow\" \/>\n<meta name=\"googlebot\" content=\"index, follow, max-snippet:-1, max-image-preview:large, max-video-preview:-1\" \/>\n<meta name=\"bingbot\" content=\"index, follow, max-snippet:-1, max-image-preview:large, max-video-preview:-1\" \/>\n<link rel=\"canonical\" href=\"https:\/\/virtualvisions.es\/marketing\/diseno-creatividad\/diseno-grafico\/\" \/>\n<meta property=\"og:locale\" content=\"es_ES\" \/>\n<meta property=\"og:type\" content=\"article\" \/>\n<meta property=\"og:title\" content=\"Dise\u00f1o Gr\u00e1fico\" \/>\n<meta property=\"og:description\" content=\"Dise\u00f1o grafico avanzado y profesional para la creaci\u00f3n de logotipos, papeler\u00edas e identidades corporativas para su empresa y\/o negocio.\" \/>\n<meta property=\"og:url\" content=\"https:\/\/virtualvisions.es\/marketing\/diseno-creatividad\/diseno-grafico\/\" \/>\n<meta property=\"og:site_name\" content=\"Virtual Visions Marketing\" \/>\n<meta property=\"article:modified_time\" content=\"2020-11-13T14:34:25+00:00\" \/>\n<meta property=\"og:image\" content=\"https:\/\/virtualvisions.es\/marketing\/wp-content\/uploads\/2020\/11\/Disen\u0303o-gra\u0301fico-logotipos.png\" \/>\n\t<meta property=\"og:image:width\" content=\"489\" \/>\n\t<meta property=\"og:image:height\" content=\"472\" \/>\n<meta name=\"twitter:card\" content=\"summary_large_image\" \/>\n<script type=\"application\/ld+json\" class=\"yoast-schema-graph\">{\"@context\":\"https:\/\/schema.org\",\"@graph\":[{\"@type\":\"WebSite\",\"@id\":\"https:\/\/virtualvisions.es\/marketing\/#website\",\"url\":\"https:\/\/virtualvisions.es\/marketing\/\",\"name\":\"Virtual Visions Marketing\",\"description\":\"Digital\\u00edzate, este es el momento y Virtual Visions tu empresa especializada\",\"potentialAction\":[{\"@type\":\"SearchAction\",\"target\":\"https:\/\/virtualvisions.es\/marketing\/?s={search_term_string}\",\"query-input\":\"required name=search_term_string\"}],\"inLanguage\":\"es\"},{\"@type\":\"ImageObject\",\"@id\":\"https:\/\/virtualvisions.es\/marketing\/diseno-creatividad\/diseno-grafico\/#primaryimage\",\"inLanguage\":\"es\",\"url\":\"https:\/\/virtualvisions.es\/marketing\/wp-content\/uploads\/2020\/11\/Disen\\u0303o-gra\\u0301fico-logotipos.png\",\"width\":489,\"height\":472,\"caption\":\"Disen\\u0303o grafico logotipos\"},{\"@type\":\"WebPage\",\"@id\":\"https:\/\/virtualvisions.es\/marketing\/diseno-creatividad\/diseno-grafico\/#webpage\",\"url\":\"https:\/\/virtualvisions.es\/marketing\/diseno-creatividad\/diseno-grafico\/\",\"name\":\"Dise\\u00f1o Grafico | Creaci\\u00f3n de Logotipos e Identidades Corporativas\",\"isPartOf\":{\"@id\":\"https:\/\/virtualvisions.es\/marketing\/#website\"},\"primaryImageOfPage\":{\"@id\":\"https:\/\/virtualvisions.es\/marketing\/diseno-creatividad\/diseno-grafico\/#primaryimage\"},\"datePublished\":\"2020-10-05T19:16:45+00:00\",\"dateModified\":\"2020-11-13T14:34:25+00:00\",\"description\":\"Dise\\u00f1o grafico avanzado y profesional para la creaci\\u00f3n de logotipos, papeler\\u00edas e identidades corporativas para su empresa y\/o negocio.\",\"inLanguage\":\"es\",\"potentialAction\":[{\"@type\":\"ReadAction\",\"target\":[\"https:\/\/virtualvisions.es\/marketing\/diseno-creatividad\/diseno-grafico\/\"]}]}]}<\/script>\n<!-- \/ Yoast SEO Premium plugin. -->","_links":{"self":[{"href":"https:\/\/virtualvisions.es\/marketing\/wp-json\/wp\/v2\/pages\/101"}],"collection":[{"href":"https:\/\/virtualvisions.es\/marketing\/wp-json\/wp\/v2\/pages"}],"about":[{"href":"https:\/\/virtualvisions.es\/marketing\/wp-json\/wp\/v2\/types\/page"}],"author":[{"embeddable":true,"href":"https:\/\/virtualvisions.es\/marketing\/wp-json\/wp\/v2\/users\/1"}],"replies":[{"embeddable":true,"href":"https:\/\/virtualvisions.es\/marketing\/wp-json\/wp\/v2\/comments?post=101"}],"version-history":[{"count":12,"href":"https:\/\/virtualvisions.es\/marketing\/wp-json\/wp\/v2\/pages\/101\/revisions"}],"predecessor-version":[{"id":661,"href":"https:\/\/virtualvisions.es\/marketing\/wp-json\/wp\/v2\/pages\/101\/revisions\/661"}],"up":[{"embeddable":true,"href":"https:\/\/virtualvisions.es\/marketing\/wp-json\/wp\/v2\/pages\/142"}],"wp:featuredmedia":[{"embeddable":true,"href":"https:\/\/virtualvisions.es\/marketing\/wp-json\/wp\/v2\/media\/631"}],"wp:attachment":[{"href":"https:\/\/virtualvisions.es\/marketing\/wp-json\/wp\/v2\/media?parent=101"}],"wp:term":[{"taxonomy":"yst_prominent_words","embeddable":true,"href":"https:\/\/virtualvisions.es\/marketing\/wp-json\/wp\/v2\/yst_prominent_words?post=101"}],"curies":[{"name":"wp","href":"https:\/\/api.w.org\/{rel}","templated":true}]}}